{"id":23402,"date":"2024-11-13T19:56:02","date_gmt":"2024-11-13T18:56:02","guid":{"rendered":"https:\/\/www.fuerteventuramobilityscooterhire.es\/?post_type=product&#038;p=23402"},"modified":"2024-11-19T12:49:56","modified_gmt":"2024-11-19T11:49:56","slug":"salvatec-mino-sport","status":"publish","type":"product","link":"https:\/\/www.fuerteventuramobilityscooterhire.es\/de\/product\/salvatec-mino-sport\/","title":{"rendered":"Salvatec Mi\u00f1o Sport"},"content":{"rendered":"<p>El scooter de movilidad Salvatec Mi\u00f1o Sport destaca por unas medidas muy compactas que le permiten ser trasladado con facilidad, adem\u00e1s tiene la capacidad de desmontarse completamente, por lo que a los usuarios con movilidad reducida o cualquier otra discapacidad les permite poder llev\u00e1rselo a una segunda residencia, un fin de semana en la playa, cruceros, trenes, tiendas, etc\u2026<\/p>\n<p>Se podr\u00eda pensar que al ser un scooter de gama peque\u00f1a y transportable no tendr\u00e1 mucha estabilidad, todo lo contrario, viene preparado para usuarios con movilidad reducida o personas mayores de hasta 136 Kg, esto es gracias a su dise\u00f1o y chasis muy robusto que junto con una gran potencia de motor de 300 W y bater\u00eda de 20 Amperios le hacen estar a la altura de scooters el\u00e9ctricos muchos m\u00e1s grandes y caros.<\/p>\n<p>Nuestro scooter el\u00e9ctrico de movilidad Mi\u00f1o Sport garantiza una conducci\u00f3n f\u00e1cil y c\u00f3moda, el manejo es muy sencillo, para poner en marcha el scooter solo tenemos que activar la llave de contacto y presionar la palanca de marcha hace adelante o hace atr\u00e1s, y para parar el scooter solamente debemos soltar la palanca y el scooter se detendr\u00e1 gracias a su sistema de frenado electromagn\u00e9tico.<\/p>\n<p>El modelo Mi\u00f1o Sport tambi\u00e9n lleva de serie incorporado un asiento con amortiguaci\u00f3n en el eje del asiento y luces delanteras para conducir tambi\u00e9n de noche.<\/p>\n<p>En definitiva, nuestro modelo Mi\u00f1o Sport es un scooter \u00e1gil, compacto, transportable y con un precio ajustado. Todo un acierto. Y disponible en varios colores.<\/p>\n<p><strong>Caracter\u00edsticas<\/strong><\/p>\n<p>\u2013 Marca: Salvatec<\/p>\n<p>\u2013 Modelo: Mi\u00f1o Sport<\/p>\n<p>\u2013 Motor: 300 W<\/p>\n<p>\u2013 Longitud: 1040 mm<\/p>\n<p>\u2013 Ancho: 490 mm<\/p>\n<p>\u2013 Altura: 920 mm<\/p>\n<p>\u2013 Peso del scooter (sin bater\u00edas): 41,9 kg<\/p>\n<p>\u2013 Peso del scooter (con bater\u00edas): 51,9 kg<\/p>\n<p>\u2013 Tama\u00f1o de las ruedas delanteras: 215 mm<\/p>\n<p>\u2013 Tama\u00f1o de las ruedas traseras: 235 mm<\/p>\n<p>\u2013 Tipo cubiertas: Solidas amortiguadas<\/p>\n<p>\u2013 Suspensi\u00f3n: NO<\/p>\n<p>\u2013 Velocidad m\u00e1xima: 6,8 km\/h<\/p>\n<p>\u2013 Radio de giro: 1100 mm<\/p>\n<p>\u2013 \u00c1ngulo pendiente m\u00e1xima: 12\u00ba<\/p>\n<p>\u2013 Capacidad de la bater\u00eda: 20 ah (opcional 24 ah)<\/p>\n<p>\u2013 Cargador: 2 Amp (opcional 3 Amp)<\/p>\n<p>\u2013 Autonom\u00eda m\u00e1xima de conducci\u00f3n: 18 km<\/p>\n<p>\u2013 Capacidad m\u00e1xima de carga: 136 kg<\/p>\n<p>\u2013 Asiento regulable en altura: SI<\/p>\n<p>\u2013 Asiento regulable en profundidad: SI<\/p>\n<p>\u2013 Asiento giratorio 360\u00ba: SI<\/p>\n<p>\u2013 Respaldo abatible: SI<\/p>\n<p>\u2013 Luces LED: SI, delantera<\/p>\n<p>\u2013 Columna de direcci\u00f3n regulable: SI<\/p>\n<p>\u2013 Cesta portaobjetos: SI, delantera extra\u00edble<\/p>\n<p>\u2013 Ruedas antivuelco: SI<\/p>\n<p>\u2013 Paragolpes delantero y trasero: SI<\/p>\n<p>\u2013 Palanca desembrague: SI<\/p>\n<p>\u2013 Desmontable: SI<\/p>\n<p>\u2013 Disponible en diferentes colores: SI (consultar)<\/p>","protected":false},"excerpt":{"rendered":"<p>El scooter de movilidad Salvatec Mi\u00f1o Sport destaca por unas medidas muy compactas que le permiten ser trasladado con facilidad, adem\u00e1s tiene la capacidad de desmontarse completamente, por lo que a los usuarios con movilidad reducida o cualquier otra discapacidad les permite poder llev\u00e1rselo a una segunda residencia, un fin de semana en la playa, [&hellip;]<\/p>\n","protected":false},"featured_media":23403,"comment_status":"open","ping_status":"closed","template":"","meta":[],"product_brand":[],"product_cat":[150],"product_tag":[],"class_list":{"0":"post-23402","1":"product","2":"type-product","3":"status-publish","4":"has-post-thumbnail","6":"product_cat-scooters-compra","8":"first","9":"instock","10":"shipping-taxable","11":"purchasable","12":"product-type-simple","13":"add-to-wishlist-after_add_to_cart"},"yoast_head":"<!-- This site is optimized with the Yoast SEO Premium plugin v23.6 (Yoast SEO v26.9) - https:\/\/yoast.com\/product\/yoast-seo-premium-wordpress\/ -->\n<title>Salvatec Mi\u00f1o Sport - fuerteventuramobilityscooterhire<\/title>\n<meta name=\"description\" content=\"Alquila la scooter Salvatec Mi\u00f1o Sport en Fuerteventura, ideal para personas con movilidad reducida. Ofrece gran comodidad, autonom\u00eda y estabilidad, perfecta para desplazamientos largos y f\u00e1ciles. \u00a1Reserva la tuya ahora!\" \/>\n<meta name=\"robots\" content=\"index, follow, max-snippet:-1, max-image-preview:large, max-video-preview:-1\" \/>\n<link rel=\"canonical\" href=\"https:\/\/www.fuerteventuramobilityscooterhire.es\/de\/product\/salvatec-mino-sport\/\" \/>\n<meta property=\"og:locale\" content=\"de_DE\" \/>\n<meta property=\"og:type\" content=\"article\" \/>\n<meta property=\"og:title\" content=\"Salvatec Mi\u00f1o Sport\" \/>\n<meta property=\"og:description\" content=\"Alquila la scooter Salvatec Mi\u00f1o Sport en Fuerteventura, ideal para personas con movilidad reducida. Ofrece gran comodidad, autonom\u00eda y estabilidad, perfecta para desplazamientos largos y f\u00e1ciles. \u00a1Reserva la tuya ahora!\" \/>\n<meta property=\"og:url\" content=\"https:\/\/www.fuerteventuramobilityscooterhire.es\/de\/product\/salvatec-mino-sport\/\" \/>\n<meta property=\"og:site_name\" content=\"fuerteventuramobilityscooterhire\" \/>\n<meta property=\"article:modified_time\" content=\"2024-11-19T11:49:56+00:00\" \/>\n<meta property=\"og:image\" content=\"https:\/\/www.fuerteventuramobilityscooterhire.es\/wp-content\/uploads\/2024\/11\/885963e9c254e6db4d823396c7b6b0c6.jpg\" \/>\n\t<meta property=\"og:image:width\" content=\"800\" \/>\n\t<meta property=\"og:image:height\" content=\"800\" \/>\n\t<meta property=\"og:image:type\" content=\"image\/jpeg\" \/>\n<meta name=\"twitter:card\" content=\"summary_large_image\" \/>\n<meta name=\"twitter:label1\" content=\"Gesch\u00e4tzte Lesezeit\" \/>\n\t<meta name=\"twitter:data1\" content=\"2\u00a0Minuten\" \/>\n<script type=\"application\/ld+json\" class=\"yoast-schema-graph\">{\"@context\":\"https:\/\/schema.org\",\"@graph\":[{\"@type\":\"WebPage\",\"@id\":\"https:\/\/www.fuerteventuramobilityscooterhire.es\/product\/salvatec-mino-sport\/\",\"url\":\"https:\/\/www.fuerteventuramobilityscooterhire.es\/product\/salvatec-mino-sport\/\",\"name\":\"Salvatec Mi\u00f1o Sport - fuerteventuramobilityscooterhire\",\"isPartOf\":{\"@id\":\"https:\/\/www.fuerteventuramobilityscooterhire.es\/#website\"},\"primaryImageOfPage\":{\"@id\":\"https:\/\/www.fuerteventuramobilityscooterhire.es\/product\/salvatec-mino-sport\/#primaryimage\"},\"image\":{\"@id\":\"https:\/\/www.fuerteventuramobilityscooterhire.es\/product\/salvatec-mino-sport\/#primaryimage\"},\"thumbnailUrl\":\"https:\/\/www.fuerteventuramobilityscooterhire.es\/wp-content\/uploads\/2024\/11\/885963e9c254e6db4d823396c7b6b0c6.jpg\",\"datePublished\":\"2024-11-13T18:56:02+00:00\",\"dateModified\":\"2024-11-19T11:49:56+00:00\",\"description\":\"Alquila la scooter Salvatec Mi\u00f1o Sport en Fuerteventura, ideal para personas con movilidad reducida. Ofrece gran comodidad, autonom\u00eda y estabilidad, perfecta para desplazamientos largos y f\u00e1ciles. \u00a1Reserva la tuya ahora!\",\"breadcrumb\":{\"@id\":\"https:\/\/www.fuerteventuramobilityscooterhire.es\/product\/salvatec-mino-sport\/#breadcrumb\"},\"inLanguage\":\"de\",\"potentialAction\":[{\"@type\":\"ReadAction\",\"target\":[\"https:\/\/www.fuerteventuramobilityscooterhire.es\/product\/salvatec-mino-sport\/\"]}]},{\"@type\":\"ImageObject\",\"inLanguage\":\"de\",\"@id\":\"https:\/\/www.fuerteventuramobilityscooterhire.es\/product\/salvatec-mino-sport\/#primaryimage\",\"url\":\"https:\/\/www.fuerteventuramobilityscooterhire.es\/wp-content\/uploads\/2024\/11\/885963e9c254e6db4d823396c7b6b0c6.jpg\",\"contentUrl\":\"https:\/\/www.fuerteventuramobilityscooterhire.es\/wp-content\/uploads\/2024\/11\/885963e9c254e6db4d823396c7b6b0c6.jpg\",\"width\":800,\"height\":800,\"caption\":\"Scooter Basica\"},{\"@type\":\"BreadcrumbList\",\"@id\":\"https:\/\/www.fuerteventuramobilityscooterhire.es\/product\/salvatec-mino-sport\/#breadcrumb\",\"itemListElement\":[{\"@type\":\"ListItem\",\"position\":1,\"name\":\"Portada\",\"item\":\"https:\/\/www.fuerteventuramobilityscooterhire.es\/\"},{\"@type\":\"ListItem\",\"position\":2,\"name\":\"Tienda\",\"item\":\"https:\/\/www.fuerteventuramobilityscooterhire.es\/shop-2\/\"},{\"@type\":\"ListItem\",\"position\":3,\"name\":\"Salvatec Mi\u00f1o Sport\"}]},{\"@type\":\"WebSite\",\"@id\":\"https:\/\/www.fuerteventuramobilityscooterhire.es\/#website\",\"url\":\"https:\/\/www.fuerteventuramobilityscooterhire.es\/\",\"name\":\"fuerteventuramobilityscooterhire\",\"description\":\"\",\"potentialAction\":[{\"@type\":\"SearchAction\",\"target\":{\"@type\":\"EntryPoint\",\"urlTemplate\":\"https:\/\/www.fuerteventuramobilityscooterhire.es\/?s={search_term_string}\"},\"query-input\":{\"@type\":\"PropertyValueSpecification\",\"valueRequired\":true,\"valueName\":\"search_term_string\"}}],\"inLanguage\":\"de\"}]}<\/script>\n<!-- \/ Yoast SEO Premium plugin. -->","yoast_head_json":{"title":"Salvatec Mi\u00f1o Sport - fuerteventuramobilityscooterhire","description":"Alquila la scooter Salvatec Mi\u00f1o Sport en Fuerteventura, ideal para personas con movilidad reducida. Ofrece gran comodidad, autonom\u00eda y estabilidad, perfecta para desplazamientos largos y f\u00e1ciles. \u00a1Reserva la tuya ahora!","robots":{"index":"index","follow":"follow","max-snippet":"max-snippet:-1","max-image-preview":"max-image-preview:large","max-video-preview":"max-video-preview:-1"},"canonical":"https:\/\/www.fuerteventuramobilityscooterhire.es\/de\/product\/salvatec-mino-sport\/","og_locale":"de_DE","og_type":"article","og_title":"Salvatec Mi\u00f1o Sport","og_description":"Alquila la scooter Salvatec Mi\u00f1o Sport en Fuerteventura, ideal para personas con movilidad reducida. Ofrece gran comodidad, autonom\u00eda y estabilidad, perfecta para desplazamientos largos y f\u00e1ciles. \u00a1Reserva la tuya ahora!","og_url":"https:\/\/www.fuerteventuramobilityscooterhire.es\/de\/product\/salvatec-mino-sport\/","og_site_name":"fuerteventuramobilityscooterhire","article_modified_time":"2024-11-19T11:49:56+00:00","og_image":[{"width":800,"height":800,"url":"https:\/\/www.fuerteventuramobilityscooterhire.es\/wp-content\/uploads\/2024\/11\/885963e9c254e6db4d823396c7b6b0c6.jpg","type":"image\/jpeg"}],"twitter_card":"summary_large_image","twitter_misc":{"Gesch\u00e4tzte Lesezeit":"2\u00a0Minuten"},"schema":{"@context":"https:\/\/schema.org","@graph":[{"@type":"WebPage","@id":"https:\/\/www.fuerteventuramobilityscooterhire.es\/product\/salvatec-mino-sport\/","url":"https:\/\/www.fuerteventuramobilityscooterhire.es\/product\/salvatec-mino-sport\/","name":"Salvatec Mi\u00f1o Sport - fuerteventuramobilityscooterhire","isPartOf":{"@id":"https:\/\/www.fuerteventuramobilityscooterhire.es\/#website"},"primaryImageOfPage":{"@id":"https:\/\/www.fuerteventuramobilityscooterhire.es\/product\/salvatec-mino-sport\/#primaryimage"},"image":{"@id":"https:\/\/www.fuerteventuramobilityscooterhire.es\/product\/salvatec-mino-sport\/#primaryimage"},"thumbnailUrl":"https:\/\/www.fuerteventuramobilityscooterhire.es\/wp-content\/uploads\/2024\/11\/885963e9c254e6db4d823396c7b6b0c6.jpg","datePublished":"2024-11-13T18:56:02+00:00","dateModified":"2024-11-19T11:49:56+00:00","description":"Alquila la scooter Salvatec Mi\u00f1o Sport en Fuerteventura, ideal para personas con movilidad reducida. Ofrece gran comodidad, autonom\u00eda y estabilidad, perfecta para desplazamientos largos y f\u00e1ciles. \u00a1Reserva la tuya ahora!","breadcrumb":{"@id":"https:\/\/www.fuerteventuramobilityscooterhire.es\/product\/salvatec-mino-sport\/#breadcrumb"},"inLanguage":"de","potentialAction":[{"@type":"ReadAction","target":["https:\/\/www.fuerteventuramobilityscooterhire.es\/product\/salvatec-mino-sport\/"]}]},{"@type":"ImageObject","inLanguage":"de","@id":"https:\/\/www.fuerteventuramobilityscooterhire.es\/product\/salvatec-mino-sport\/#primaryimage","url":"https:\/\/www.fuerteventuramobilityscooterhire.es\/wp-content\/uploads\/2024\/11\/885963e9c254e6db4d823396c7b6b0c6.jpg","contentUrl":"https:\/\/www.fuerteventuramobilityscooterhire.es\/wp-content\/uploads\/2024\/11\/885963e9c254e6db4d823396c7b6b0c6.jpg","width":800,"height":800,"caption":"Scooter Basica"},{"@type":"BreadcrumbList","@id":"https:\/\/www.fuerteventuramobilityscooterhire.es\/product\/salvatec-mino-sport\/#breadcrumb","itemListElement":[{"@type":"ListItem","position":1,"name":"Portada","item":"https:\/\/www.fuerteventuramobilityscooterhire.es\/"},{"@type":"ListItem","position":2,"name":"Tienda","item":"https:\/\/www.fuerteventuramobilityscooterhire.es\/shop-2\/"},{"@type":"ListItem","position":3,"name":"Salvatec Mi\u00f1o Sport"}]},{"@type":"WebSite","@id":"https:\/\/www.fuerteventuramobilityscooterhire.es\/#website","url":"https:\/\/www.fuerteventuramobilityscooterhire.es\/","name":"Elektromobilverleih auf Fuerteventura","description":"","potentialAction":[{"@type":"SearchAction","target":{"@type":"EntryPoint","urlTemplate":"https:\/\/www.fuerteventuramobilityscooterhire.es\/?s={search_term_string}"},"query-input":{"@type":"PropertyValueSpecification","valueRequired":true,"valueName":"search_term_string"}}],"inLanguage":"de"}]}},"_links":{"self":[{"href":"https:\/\/www.fuerteventuramobilityscooterhire.es\/de\/wp-json\/wp\/v2\/product\/23402","targetHints":{"allow":["GET"]}}],"collection":[{"href":"https:\/\/www.fuerteventuramobilityscooterhire.es\/de\/wp-json\/wp\/v2\/product"}],"about":[{"href":"https:\/\/www.fuerteventuramobilityscooterhire.es\/de\/wp-json\/wp\/v2\/types\/product"}],"replies":[{"embeddable":true,"href":"https:\/\/www.fuerteventuramobilityscooterhire.es\/de\/wp-json\/wp\/v2\/comments?post=23402"}],"wp:featuredmedia":[{"embeddable":true,"href":"https:\/\/www.fuerteventuramobilityscooterhire.es\/de\/wp-json\/wp\/v2\/media\/23403"}],"wp:attachment":[{"href":"https:\/\/www.fuerteventuramobilityscooterhire.es\/de\/wp-json\/wp\/v2\/media?parent=23402"}],"wp:term":[{"taxonomy":"product_brand","embeddable":true,"href":"https:\/\/www.fuerteventuramobilityscooterhire.es\/de\/wp-json\/wp\/v2\/product_brand?post=23402"},{"taxonomy":"product_cat","embeddable":true,"href":"https:\/\/www.fuerteventuramobilityscooterhire.es\/de\/wp-json\/wp\/v2\/product_cat?post=23402"},{"taxonomy":"product_tag","embeddable":true,"href":"https:\/\/www.fuerteventuramobilityscooterhire.es\/de\/wp-json\/wp\/v2\/product_tag?post=23402"}],"curies":[{"name":"wp","href":"https:\/\/api.w.org\/{rel}","templated":true}]}}