{"id":22530,"date":"2024-10-15T13:17:51","date_gmt":"2024-10-15T13:17:51","guid":{"rendered":"https:\/\/www.fuerteventuramobilityscooterhire.es\/?post_type=product&#038;p=22530"},"modified":"2024-11-19T12:23:21","modified_gmt":"2024-11-19T11:23:21","slug":"alquiler-de-silla-de-ruedas-electrica-xxl","status":"publish","type":"product","link":"https:\/\/www.fuerteventuramobilityscooterhire.es\/en\/product\/xxl-electric-wheelchair-rental\/","title":{"rendered":"XXL electric wheelchair rental"},"content":{"rendered":"<p>Designed for longer distances. The range is approximately 35 km. Depending on the motor, the front-wheel drive electric wheelchair reaches its destination at a speed of 6 km\/h. This XXL electric wheelchair reliably overcomes inclines of up to 6.5\u00b0 and obstacles of up to 50 mm. The maximum load capacity of the electric wheelchair is 250 kg, with a standard width of 620 mm and a standard length of 1070 mm.<\/p>","protected":false},"excerpt":{"rendered":"<p>Dise\u00f1ado para distancias m\u00e1s largas. La autonom\u00eda es de aproximadamente 35 km. Dependiendo del motor, la silla de ruedas el\u00e9ctrica con tracci\u00f3n delantera llega a su destino a una velocidad de 6 km\/h. Esta silla de ruedas el\u00e9ctrica XXL supera con fiabilidad pendientes de hasta 6,5\u00b0 y obst\u00e1culos de hasta 50 mm. La capacidad de [&hellip;]<\/p>\n","protected":false},"featured_media":22531,"comment_status":"open","ping_status":"closed","template":"","meta":[],"product_brand":[],"product_cat":[15,105],"product_tag":[],"class_list":{"0":"post-22530","1":"product","2":"type-product","3":"status-publish","4":"has-post-thumbnail","6":"product_cat-uncategorized","7":"product_cat-sillas-de-ruedas-electricas","9":"first","10":"instock","11":"shipping-taxable","12":"purchasable","13":"product-type-redq_rental","14":"add-to-wishlist-after_add_to_cart"},"yoast_head":"<!-- This site is optimized with the Yoast SEO Premium plugin v23.6 (Yoast SEO v26.9) - https:\/\/yoast.com\/product\/yoast-seo-premium-wordpress\/ -->\n<title>Alquiler de silla de ruedas el\u00e9ctrica XXL - fuerteventuramobilityscooterhire<\/title>\n<meta name=\"description\" content=\"Alquila silla de ruedas el\u00e9ctrica XXL en Fuerteventura, dise\u00f1ada para personas con movilidad reducida que necesitan mayor comodidad y soporte.\" \/>\n<meta name=\"robots\" content=\"index, follow, max-snippet:-1, max-image-preview:large, max-video-preview:-1\" \/>\n<link rel=\"canonical\" href=\"https:\/\/www.fuerteventuramobilityscooterhire.es\/en\/product\/xxl-electric-wheelchair-rental\/\" \/>\n<meta property=\"og:locale\" content=\"en_GB\" \/>\n<meta property=\"og:type\" content=\"article\" \/>\n<meta property=\"og:title\" content=\"Alquiler de silla de ruedas el\u00e9ctrica XXL\" \/>\n<meta property=\"og:description\" content=\"Alquila silla de ruedas el\u00e9ctrica XXL en Fuerteventura, dise\u00f1ada para personas con movilidad reducida que necesitan mayor comodidad y soporte.\" \/>\n<meta property=\"og:url\" content=\"https:\/\/www.fuerteventuramobilityscooterhire.es\/en\/product\/xxl-electric-wheelchair-rental\/\" \/>\n<meta property=\"og:site_name\" content=\"fuerteventuramobilityscooterhire\" \/>\n<meta property=\"article:modified_time\" content=\"2024-11-19T11:23:21+00:00\" \/>\n<meta property=\"og:image\" content=\"https:\/\/www.fuerteventuramobilityscooterhire.es\/wp-content\/uploads\/2024\/10\/ejoy_md_xl_01_557x624.jpg\" \/>\n\t<meta property=\"og:image:width\" content=\"557\" \/>\n\t<meta property=\"og:image:height\" content=\"624\" \/>\n\t<meta property=\"og:image:type\" content=\"image\/jpeg\" \/>\n<meta name=\"twitter:card\" content=\"summary_large_image\" \/>\n<meta name=\"twitter:label1\" content=\"Estimated reading time\" \/>\n\t<meta name=\"twitter:data1\" content=\"1 minute\" \/>\n<script type=\"application\/ld+json\" class=\"yoast-schema-graph\">{\"@context\":\"https:\/\/schema.org\",\"@graph\":[{\"@type\":\"WebPage\",\"@id\":\"https:\/\/www.fuerteventuramobilityscooterhire.es\/product\/alquiler-de-silla-de-ruedas-electrica-xxl\/\",\"url\":\"https:\/\/www.fuerteventuramobilityscooterhire.es\/product\/alquiler-de-silla-de-ruedas-electrica-xxl\/\",\"name\":\"Alquiler de silla de ruedas el\u00e9ctrica XXL - fuerteventuramobilityscooterhire\",\"isPartOf\":{\"@id\":\"https:\/\/www.fuerteventuramobilityscooterhire.es\/#website\"},\"primaryImageOfPage\":{\"@id\":\"https:\/\/www.fuerteventuramobilityscooterhire.es\/product\/alquiler-de-silla-de-ruedas-electrica-xxl\/#primaryimage\"},\"image\":{\"@id\":\"https:\/\/www.fuerteventuramobilityscooterhire.es\/product\/alquiler-de-silla-de-ruedas-electrica-xxl\/#primaryimage\"},\"thumbnailUrl\":\"https:\/\/www.fuerteventuramobilityscooterhire.es\/wp-content\/uploads\/2024\/10\/ejoy_md_xl_01_557x624.jpg\",\"datePublished\":\"2024-10-15T13:17:51+00:00\",\"dateModified\":\"2024-11-19T11:23:21+00:00\",\"description\":\"Alquila silla de ruedas el\u00e9ctrica XXL en Fuerteventura, dise\u00f1ada para personas con movilidad reducida que necesitan mayor comodidad y soporte.\",\"breadcrumb\":{\"@id\":\"https:\/\/www.fuerteventuramobilityscooterhire.es\/product\/alquiler-de-silla-de-ruedas-electrica-xxl\/#breadcrumb\"},\"inLanguage\":\"en-GB\",\"potentialAction\":[{\"@type\":\"ReadAction\",\"target\":[\"https:\/\/www.fuerteventuramobilityscooterhire.es\/product\/alquiler-de-silla-de-ruedas-electrica-xxl\/\"]}]},{\"@type\":\"ImageObject\",\"inLanguage\":\"en-GB\",\"@id\":\"https:\/\/www.fuerteventuramobilityscooterhire.es\/product\/alquiler-de-silla-de-ruedas-electrica-xxl\/#primaryimage\",\"url\":\"https:\/\/www.fuerteventuramobilityscooterhire.es\/wp-content\/uploads\/2024\/10\/ejoy_md_xl_01_557x624.jpg\",\"contentUrl\":\"https:\/\/www.fuerteventuramobilityscooterhire.es\/wp-content\/uploads\/2024\/10\/ejoy_md_xl_01_557x624.jpg\",\"width\":557,\"height\":624},{\"@type\":\"BreadcrumbList\",\"@id\":\"https:\/\/www.fuerteventuramobilityscooterhire.es\/product\/alquiler-de-silla-de-ruedas-electrica-xxl\/#breadcrumb\",\"itemListElement\":[{\"@type\":\"ListItem\",\"position\":1,\"name\":\"Portada\",\"item\":\"https:\/\/www.fuerteventuramobilityscooterhire.es\/\"},{\"@type\":\"ListItem\",\"position\":2,\"name\":\"Tienda\",\"item\":\"https:\/\/www.fuerteventuramobilityscooterhire.es\/shop-2\/\"},{\"@type\":\"ListItem\",\"position\":3,\"name\":\"Alquiler de silla de ruedas el\u00e9ctrica XXL\"}]},{\"@type\":\"WebSite\",\"@id\":\"https:\/\/www.fuerteventuramobilityscooterhire.es\/#website\",\"url\":\"https:\/\/www.fuerteventuramobilityscooterhire.es\/\",\"name\":\"fuerteventuramobilityscooterhire\",\"description\":\"\",\"potentialAction\":[{\"@type\":\"SearchAction\",\"target\":{\"@type\":\"EntryPoint\",\"urlTemplate\":\"https:\/\/www.fuerteventuramobilityscooterhire.es\/?s={search_term_string}\"},\"query-input\":{\"@type\":\"PropertyValueSpecification\",\"valueRequired\":true,\"valueName\":\"search_term_string\"}}],\"inLanguage\":\"en-GB\"}]}<\/script>\n<!-- \/ Yoast SEO Premium plugin. -->","yoast_head_json":{"title":"Fuerteventura XXL Electric Wheelchair Hire - fuerteventuramobilityscooterhire","description":"Rent an XXL electric wheelchair in Fuerteventura, designed for people with reduced mobility who need extra comfort and support.","robots":{"index":"index","follow":"follow","max-snippet":"max-snippet:-1","max-image-preview":"max-image-preview:large","max-video-preview":"max-video-preview:-1"},"canonical":"https:\/\/www.fuerteventuramobilityscooterhire.es\/en\/product\/xxl-electric-wheelchair-rental\/","og_locale":"en_GB","og_type":"article","og_title":"Alquiler de silla de ruedas el\u00e9ctrica XXL","og_description":"Alquila silla de ruedas el\u00e9ctrica XXL en Fuerteventura, dise\u00f1ada para personas con movilidad reducida que necesitan mayor comodidad y soporte.","og_url":"https:\/\/www.fuerteventuramobilityscooterhire.es\/en\/product\/xxl-electric-wheelchair-rental\/","og_site_name":"fuerteventuramobilityscooterhire","article_modified_time":"2024-11-19T11:23:21+00:00","og_image":[{"width":557,"height":624,"url":"https:\/\/www.fuerteventuramobilityscooterhire.es\/wp-content\/uploads\/2024\/10\/ejoy_md_xl_01_557x624.jpg","type":"image\/jpeg"}],"twitter_card":"summary_large_image","twitter_misc":{"Estimated reading time":"1 minute"},"schema":{"@context":"https:\/\/schema.org","@graph":[{"@type":"WebPage","@id":"https:\/\/www.fuerteventuramobilityscooterhire.es\/product\/alquiler-de-silla-de-ruedas-electrica-xxl\/","url":"https:\/\/www.fuerteventuramobilityscooterhire.es\/product\/alquiler-de-silla-de-ruedas-electrica-xxl\/","name":"Fuerteventura XXL Electric Wheelchair Hire - fuerteventuramobilityscooterhire","isPartOf":{"@id":"https:\/\/www.fuerteventuramobilityscooterhire.es\/#website"},"primaryImageOfPage":{"@id":"https:\/\/www.fuerteventuramobilityscooterhire.es\/product\/alquiler-de-silla-de-ruedas-electrica-xxl\/#primaryimage"},"image":{"@id":"https:\/\/www.fuerteventuramobilityscooterhire.es\/product\/alquiler-de-silla-de-ruedas-electrica-xxl\/#primaryimage"},"thumbnailUrl":"https:\/\/www.fuerteventuramobilityscooterhire.es\/wp-content\/uploads\/2024\/10\/ejoy_md_xl_01_557x624.jpg","datePublished":"2024-10-15T13:17:51+00:00","dateModified":"2024-11-19T11:23:21+00:00","description":"Rent an XXL electric wheelchair in Fuerteventura, designed for people with reduced mobility who need extra comfort and support.","breadcrumb":{"@id":"https:\/\/www.fuerteventuramobilityscooterhire.es\/product\/alquiler-de-silla-de-ruedas-electrica-xxl\/#breadcrumb"},"inLanguage":"en-GB","potentialAction":[{"@type":"ReadAction","target":["https:\/\/www.fuerteventuramobilityscooterhire.es\/product\/alquiler-de-silla-de-ruedas-electrica-xxl\/"]}]},{"@type":"ImageObject","inLanguage":"en-GB","@id":"https:\/\/www.fuerteventuramobilityscooterhire.es\/product\/alquiler-de-silla-de-ruedas-electrica-xxl\/#primaryimage","url":"https:\/\/www.fuerteventuramobilityscooterhire.es\/wp-content\/uploads\/2024\/10\/ejoy_md_xl_01_557x624.jpg","contentUrl":"https:\/\/www.fuerteventuramobilityscooterhire.es\/wp-content\/uploads\/2024\/10\/ejoy_md_xl_01_557x624.jpg","width":557,"height":624},{"@type":"BreadcrumbList","@id":"https:\/\/www.fuerteventuramobilityscooterhire.es\/product\/alquiler-de-silla-de-ruedas-electrica-xxl\/#breadcrumb","itemListElement":[{"@type":"ListItem","position":1,"name":"Portada","item":"https:\/\/www.fuerteventuramobilityscooterhire.es\/"},{"@type":"ListItem","position":2,"name":"Tienda","item":"https:\/\/www.fuerteventuramobilityscooterhire.es\/shop-2\/"},{"@type":"ListItem","position":3,"name":"Alquiler de silla de ruedas el\u00e9ctrica XXL"}]},{"@type":"WebSite","@id":"https:\/\/www.fuerteventuramobilityscooterhire.es\/#website","url":"https:\/\/www.fuerteventuramobilityscooterhire.es\/","name":"Fuerteventura mobility scooter hire","description":"","potentialAction":[{"@type":"SearchAction","target":{"@type":"EntryPoint","urlTemplate":"https:\/\/www.fuerteventuramobilityscooterhire.es\/?s={search_term_string}"},"query-input":{"@type":"PropertyValueSpecification","valueRequired":true,"valueName":"search_term_string"}}],"inLanguage":"en-GB"}]}},"_links":{"self":[{"href":"https:\/\/www.fuerteventuramobilityscooterhire.es\/en\/wp-json\/wp\/v2\/product\/22530","targetHints":{"allow":["GET"]}}],"collection":[{"href":"https:\/\/www.fuerteventuramobilityscooterhire.es\/en\/wp-json\/wp\/v2\/product"}],"about":[{"href":"https:\/\/www.fuerteventuramobilityscooterhire.es\/en\/wp-json\/wp\/v2\/types\/product"}],"replies":[{"embeddable":true,"href":"https:\/\/www.fuerteventuramobilityscooterhire.es\/en\/wp-json\/wp\/v2\/comments?post=22530"}],"wp:featuredmedia":[{"embeddable":true,"href":"https:\/\/www.fuerteventuramobilityscooterhire.es\/en\/wp-json\/wp\/v2\/media\/22531"}],"wp:attachment":[{"href":"https:\/\/www.fuerteventuramobilityscooterhire.es\/en\/wp-json\/wp\/v2\/media?parent=22530"}],"wp:term":[{"taxonomy":"product_brand","embeddable":true,"href":"https:\/\/www.fuerteventuramobilityscooterhire.es\/en\/wp-json\/wp\/v2\/product_brand?post=22530"},{"taxonomy":"product_cat","embeddable":true,"href":"https:\/\/www.fuerteventuramobilityscooterhire.es\/en\/wp-json\/wp\/v2\/product_cat?post=22530"},{"taxonomy":"product_tag","embeddable":true,"href":"https:\/\/www.fuerteventuramobilityscooterhire.es\/en\/wp-json\/wp\/v2\/product_tag?post=22530"}],"curies":[{"name":"wp","href":"https:\/\/api.w.org\/{rel}","templated":true}]}}