{"id":22596,"date":"2024-10-15T17:13:41","date_gmt":"2024-10-15T17:13:41","guid":{"rendered":"https:\/\/www.fuerteventuramobilityscooterhire.es\/?post_type=product&#038;p=22596"},"modified":"2024-11-19T12:36:58","modified_gmt":"2024-11-19T11:36:58","slug":"alquiler-de-silla-de-bano-basculante","status":"publish","type":"product","link":"https:\/\/www.fuerteventuramobilityscooterhire.es\/en\/product\/rental-of-tilt-in-space-shower-chair\/","title":{"rendered":"Tilting bath chair rental"},"content":{"rendered":"<div class=\"vri-list-item-inner\">\n<div class=\"vri-list-item-descr\">\n<div class=\"vrilistitemdescr\">\n<div class=\"vri-list-item-inner\">\n<div class=\"vri-list-item-descr\">\n<div class=\"vrilistitemdescr\">\n<div class=\"vri-list-item-inner\">\n<div class=\"vri-list-item-descr\">\n<div class=\"vrilistitemdescr\">\u00c1ngulo y altura ajustables: la silla de ducha es c\u00f3moda y pr\u00e1ctica, con un \u00e1ngulo de respaldo ajustable de 97\u00b0 a 125\u00b0 y una altura de asiento ajustable de 22&#8221; a 24&#8221; (560~615 mm), lo que la hace adecuada para usuarios de diferentes alturas. El \u00e1ngulo del respaldo se puede ajustar f\u00e1cilmente con un mecanismo de bot\u00f3n pulsador. Es resistente y duradera y est\u00e1 equipada con un coj\u00edn de asiento c\u00f3modo y extra\u00edble.<\/div>\n<\/div>\n<\/div>\n<div class=\"vri-list-item-cont\">\n<div class=\"vrilistcostdivcont\">\n<div class=\"vrilistdivcost\"><\/div>\n<\/div>\n<\/div>\n<\/div>\n<\/div>\n<\/div>\n<\/div>\n<\/div>\n<\/div>","protected":false},"excerpt":{"rendered":"<p>\u00c1ngulo y altura ajustables: la silla de ducha es c\u00f3moda y pr\u00e1ctica, con un \u00e1ngulo de respaldo ajustable de 97\u00b0 a 125\u00b0 y una altura de asiento ajustable de 22&#8221; a 24&#8221; (560~615 mm), lo que la hace adecuada para usuarios de diferentes alturas. El \u00e1ngulo del respaldo se puede ajustar f\u00e1cilmente con un mecanismo [&hellip;]<\/p>\n","protected":false},"featured_media":22598,"comment_status":"open","ping_status":"closed","template":"","meta":[],"product_brand":[],"product_cat":[124],"product_tag":[],"class_list":{"0":"post-22596","1":"product","2":"type-product","3":"status-publish","4":"has-post-thumbnail","6":"product_cat-equipamiento-para-el-bano","8":"first","9":"instock","10":"shipping-taxable","11":"purchasable","12":"product-type-redq_rental","13":"add-to-wishlist-after_add_to_cart"},"yoast_head":"<!-- This site is optimized with the Yoast SEO Premium plugin v23.6 (Yoast SEO v26.9) - https:\/\/yoast.com\/product\/yoast-seo-premium-wordpress\/ -->\n<title>Alquiler de Silla de ba\u00f1o basculante - fuerteventuramobilityscooterhire<\/title>\n<meta name=\"description\" content=\"Alquila silla de ba\u00f1o basculante en Fuerteventura, perfecta para personas con movilidad reducida. Proporciona comodidad y seguridad al facilitar el ba\u00f1o con un dise\u00f1o ajustable. \u00a1Reserva la tuya ahora!\" \/>\n<meta name=\"robots\" content=\"index, follow, max-snippet:-1, max-image-preview:large, max-video-preview:-1\" \/>\n<link rel=\"canonical\" href=\"https:\/\/www.fuerteventuramobilityscooterhire.es\/en\/product\/rental-of-tilt-in-space-shower-chair\/\" \/>\n<meta property=\"og:locale\" content=\"en_GB\" \/>\n<meta property=\"og:type\" content=\"article\" \/>\n<meta property=\"og:title\" content=\"Alquiler de Silla de ba\u00f1o basculante\" \/>\n<meta property=\"og:description\" content=\"Alquila silla de ba\u00f1o basculante en Fuerteventura, perfecta para personas con movilidad reducida. Proporciona comodidad y seguridad al facilitar el ba\u00f1o con un dise\u00f1o ajustable. \u00a1Reserva la tuya ahora!\" \/>\n<meta property=\"og:url\" content=\"https:\/\/www.fuerteventuramobilityscooterhire.es\/en\/product\/rental-of-tilt-in-space-shower-chair\/\" \/>\n<meta property=\"og:site_name\" content=\"fuerteventuramobilityscooterhire\" \/>\n<meta property=\"article:modified_time\" content=\"2024-11-19T11:36:58+00:00\" \/>\n<meta property=\"og:image\" content=\"https:\/\/www.fuerteventuramobilityscooterhire.es\/wp-content\/uploads\/2024\/10\/es_LYLYLHJ175IN6UTVJV0_original_img-v1_shower-wheelchair-m100-1.2.jpg\" \/>\n\t<meta property=\"og:image:width\" content=\"1600\" \/>\n\t<meta property=\"og:image:height\" content=\"1600\" \/>\n\t<meta property=\"og:image:type\" content=\"image\/jpeg\" \/>\n<meta name=\"twitter:card\" content=\"summary_large_image\" \/>\n<meta name=\"twitter:label1\" content=\"Estimated reading time\" \/>\n\t<meta name=\"twitter:data1\" content=\"1 minute\" \/>\n<script type=\"application\/ld+json\" class=\"yoast-schema-graph\">{\"@context\":\"https:\/\/schema.org\",\"@graph\":[{\"@type\":\"WebPage\",\"@id\":\"https:\/\/www.fuerteventuramobilityscooterhire.es\/product\/alquiler-de-silla-de-bano-basculante\/\",\"url\":\"https:\/\/www.fuerteventuramobilityscooterhire.es\/product\/alquiler-de-silla-de-bano-basculante\/\",\"name\":\"Alquiler de Silla de ba\u00f1o basculante - fuerteventuramobilityscooterhire\",\"isPartOf\":{\"@id\":\"https:\/\/www.fuerteventuramobilityscooterhire.es\/#website\"},\"primaryImageOfPage\":{\"@id\":\"https:\/\/www.fuerteventuramobilityscooterhire.es\/product\/alquiler-de-silla-de-bano-basculante\/#primaryimage\"},\"image\":{\"@id\":\"https:\/\/www.fuerteventuramobilityscooterhire.es\/product\/alquiler-de-silla-de-bano-basculante\/#primaryimage\"},\"thumbnailUrl\":\"https:\/\/www.fuerteventuramobilityscooterhire.es\/wp-content\/uploads\/2024\/10\/es_LYLYLHJ175IN6UTVJV0_original_img-v1_shower-wheelchair-m100-1.2.jpg\",\"datePublished\":\"2024-10-15T17:13:41+00:00\",\"dateModified\":\"2024-11-19T11:36:58+00:00\",\"description\":\"Alquila silla de ba\u00f1o basculante en Fuerteventura, perfecta para personas con movilidad reducida. Proporciona comodidad y seguridad al facilitar el ba\u00f1o con un dise\u00f1o ajustable. \u00a1Reserva la tuya ahora!\",\"breadcrumb\":{\"@id\":\"https:\/\/www.fuerteventuramobilityscooterhire.es\/product\/alquiler-de-silla-de-bano-basculante\/#breadcrumb\"},\"inLanguage\":\"en-GB\",\"potentialAction\":[{\"@type\":\"ReadAction\",\"target\":[\"https:\/\/www.fuerteventuramobilityscooterhire.es\/product\/alquiler-de-silla-de-bano-basculante\/\"]}]},{\"@type\":\"ImageObject\",\"inLanguage\":\"en-GB\",\"@id\":\"https:\/\/www.fuerteventuramobilityscooterhire.es\/product\/alquiler-de-silla-de-bano-basculante\/#primaryimage\",\"url\":\"https:\/\/www.fuerteventuramobilityscooterhire.es\/wp-content\/uploads\/2024\/10\/es_LYLYLHJ175IN6UTVJV0_original_img-v1_shower-wheelchair-m100-1.2.jpg\",\"contentUrl\":\"https:\/\/www.fuerteventuramobilityscooterhire.es\/wp-content\/uploads\/2024\/10\/es_LYLYLHJ175IN6UTVJV0_original_img-v1_shower-wheelchair-m100-1.2.jpg\",\"width\":1600,\"height\":1600},{\"@type\":\"BreadcrumbList\",\"@id\":\"https:\/\/www.fuerteventuramobilityscooterhire.es\/product\/alquiler-de-silla-de-bano-basculante\/#breadcrumb\",\"itemListElement\":[{\"@type\":\"ListItem\",\"position\":1,\"name\":\"Portada\",\"item\":\"https:\/\/www.fuerteventuramobilityscooterhire.es\/\"},{\"@type\":\"ListItem\",\"position\":2,\"name\":\"Tienda\",\"item\":\"https:\/\/www.fuerteventuramobilityscooterhire.es\/shop-2\/\"},{\"@type\":\"ListItem\",\"position\":3,\"name\":\"Alquiler de Silla de ba\u00f1o basculante\"}]},{\"@type\":\"WebSite\",\"@id\":\"https:\/\/www.fuerteventuramobilityscooterhire.es\/#website\",\"url\":\"https:\/\/www.fuerteventuramobilityscooterhire.es\/\",\"name\":\"fuerteventuramobilityscooterhire\",\"description\":\"\",\"potentialAction\":[{\"@type\":\"SearchAction\",\"target\":{\"@type\":\"EntryPoint\",\"urlTemplate\":\"https:\/\/www.fuerteventuramobilityscooterhire.es\/?s={search_term_string}\"},\"query-input\":{\"@type\":\"PropertyValueSpecification\",\"valueRequired\":true,\"valueName\":\"search_term_string\"}}],\"inLanguage\":\"en-GB\"}]}<\/script>\n<!-- \/ Yoast SEO Premium plugin. -->","yoast_head_json":{"title":"Rental of Tilt-in-Space Shower Chair - fuerteventuramobilityscooterhire","description":"Rent a tilting shower chair in Fuerteventura, perfect for people with reduced mobility. Provides comfort and safety by making bathing easier with an adjustable design. Book yours now!","robots":{"index":"index","follow":"follow","max-snippet":"max-snippet:-1","max-image-preview":"max-image-preview:large","max-video-preview":"max-video-preview:-1"},"canonical":"https:\/\/www.fuerteventuramobilityscooterhire.es\/en\/product\/rental-of-tilt-in-space-shower-chair\/","og_locale":"en_GB","og_type":"article","og_title":"Alquiler de Silla de ba\u00f1o basculante","og_description":"Alquila silla de ba\u00f1o basculante en Fuerteventura, perfecta para personas con movilidad reducida. Proporciona comodidad y seguridad al facilitar el ba\u00f1o con un dise\u00f1o ajustable. \u00a1Reserva la tuya ahora!","og_url":"https:\/\/www.fuerteventuramobilityscooterhire.es\/en\/product\/rental-of-tilt-in-space-shower-chair\/","og_site_name":"fuerteventuramobilityscooterhire","article_modified_time":"2024-11-19T11:36:58+00:00","og_image":[{"width":1600,"height":1600,"url":"https:\/\/www.fuerteventuramobilityscooterhire.es\/wp-content\/uploads\/2024\/10\/es_LYLYLHJ175IN6UTVJV0_original_img-v1_shower-wheelchair-m100-1.2.jpg","type":"image\/jpeg"}],"twitter_card":"summary_large_image","twitter_misc":{"Estimated reading time":"1 minute"},"schema":{"@context":"https:\/\/schema.org","@graph":[{"@type":"WebPage","@id":"https:\/\/www.fuerteventuramobilityscooterhire.es\/product\/alquiler-de-silla-de-bano-basculante\/","url":"https:\/\/www.fuerteventuramobilityscooterhire.es\/product\/alquiler-de-silla-de-bano-basculante\/","name":"Rental of Tilt-in-Space Shower Chair - fuerteventuramobilityscooterhire","isPartOf":{"@id":"https:\/\/www.fuerteventuramobilityscooterhire.es\/#website"},"primaryImageOfPage":{"@id":"https:\/\/www.fuerteventuramobilityscooterhire.es\/product\/alquiler-de-silla-de-bano-basculante\/#primaryimage"},"image":{"@id":"https:\/\/www.fuerteventuramobilityscooterhire.es\/product\/alquiler-de-silla-de-bano-basculante\/#primaryimage"},"thumbnailUrl":"https:\/\/www.fuerteventuramobilityscooterhire.es\/wp-content\/uploads\/2024\/10\/es_LYLYLHJ175IN6UTVJV0_original_img-v1_shower-wheelchair-m100-1.2.jpg","datePublished":"2024-10-15T17:13:41+00:00","dateModified":"2024-11-19T11:36:58+00:00","description":"Rent a tilting shower chair in Fuerteventura, perfect for people with reduced mobility. Provides comfort and safety by making bathing easier with an adjustable design. Book yours now!","breadcrumb":{"@id":"https:\/\/www.fuerteventuramobilityscooterhire.es\/product\/alquiler-de-silla-de-bano-basculante\/#breadcrumb"},"inLanguage":"en-GB","potentialAction":[{"@type":"ReadAction","target":["https:\/\/www.fuerteventuramobilityscooterhire.es\/product\/alquiler-de-silla-de-bano-basculante\/"]}]},{"@type":"ImageObject","inLanguage":"en-GB","@id":"https:\/\/www.fuerteventuramobilityscooterhire.es\/product\/alquiler-de-silla-de-bano-basculante\/#primaryimage","url":"https:\/\/www.fuerteventuramobilityscooterhire.es\/wp-content\/uploads\/2024\/10\/es_LYLYLHJ175IN6UTVJV0_original_img-v1_shower-wheelchair-m100-1.2.jpg","contentUrl":"https:\/\/www.fuerteventuramobilityscooterhire.es\/wp-content\/uploads\/2024\/10\/es_LYLYLHJ175IN6UTVJV0_original_img-v1_shower-wheelchair-m100-1.2.jpg","width":1600,"height":1600},{"@type":"BreadcrumbList","@id":"https:\/\/www.fuerteventuramobilityscooterhire.es\/product\/alquiler-de-silla-de-bano-basculante\/#breadcrumb","itemListElement":[{"@type":"ListItem","position":1,"name":"Portada","item":"https:\/\/www.fuerteventuramobilityscooterhire.es\/"},{"@type":"ListItem","position":2,"name":"Tienda","item":"https:\/\/www.fuerteventuramobilityscooterhire.es\/shop-2\/"},{"@type":"ListItem","position":3,"name":"Alquiler de Silla de ba\u00f1o basculante"}]},{"@type":"WebSite","@id":"https:\/\/www.fuerteventuramobilityscooterhire.es\/#website","url":"https:\/\/www.fuerteventuramobilityscooterhire.es\/","name":"Fuerteventura mobility scooter hire","description":"","potentialAction":[{"@type":"SearchAction","target":{"@type":"EntryPoint","urlTemplate":"https:\/\/www.fuerteventuramobilityscooterhire.es\/?s={search_term_string}"},"query-input":{"@type":"PropertyValueSpecification","valueRequired":true,"valueName":"search_term_string"}}],"inLanguage":"en-GB"}]}},"_links":{"self":[{"href":"https:\/\/www.fuerteventuramobilityscooterhire.es\/en\/wp-json\/wp\/v2\/product\/22596","targetHints":{"allow":["GET"]}}],"collection":[{"href":"https:\/\/www.fuerteventuramobilityscooterhire.es\/en\/wp-json\/wp\/v2\/product"}],"about":[{"href":"https:\/\/www.fuerteventuramobilityscooterhire.es\/en\/wp-json\/wp\/v2\/types\/product"}],"replies":[{"embeddable":true,"href":"https:\/\/www.fuerteventuramobilityscooterhire.es\/en\/wp-json\/wp\/v2\/comments?post=22596"}],"wp:featuredmedia":[{"embeddable":true,"href":"https:\/\/www.fuerteventuramobilityscooterhire.es\/en\/wp-json\/wp\/v2\/media\/22598"}],"wp:attachment":[{"href":"https:\/\/www.fuerteventuramobilityscooterhire.es\/en\/wp-json\/wp\/v2\/media?parent=22596"}],"wp:term":[{"taxonomy":"product_brand","embeddable":true,"href":"https:\/\/www.fuerteventuramobilityscooterhire.es\/en\/wp-json\/wp\/v2\/product_brand?post=22596"},{"taxonomy":"product_cat","embeddable":true,"href":"https:\/\/www.fuerteventuramobilityscooterhire.es\/en\/wp-json\/wp\/v2\/product_cat?post=22596"},{"taxonomy":"product_tag","embeddable":true,"href":"https:\/\/www.fuerteventuramobilityscooterhire.es\/en\/wp-json\/wp\/v2\/product_tag?post=22596"}],"curies":[{"name":"wp","href":"https:\/\/api.w.org\/{rel}","templated":true}]}}