{"id":23425,"date":"2024-11-13T20:08:05","date_gmt":"2024-11-13T19:08:05","guid":{"rendered":"https:\/\/www.fuerteventuramobilityscooterhire.es\/?post_type=product&#038;p=23425"},"modified":"2024-11-19T12:05:11","modified_gmt":"2024-11-19T11:05:11","slug":"salvatec-tormes","status":"publish","type":"product","link":"https:\/\/www.fuerteventuramobilityscooterhire.es\/en\/product\/salvatec-tormes\/","title":{"rendered":"Salvatec Tormes"},"content":{"rendered":"<p>Scooter el\u00e9ctrico de movilidad reducida modelo Tormes de la marca Salvatec.<\/p>\n<p>Nuestro scooter Salvatec Tormes es la soluci\u00f3n de movilidad perfecta para desplazarnos con seguridad y comodidad por la ciudad.<\/p>\n<p>El scooter plegable autom\u00e1tico modelo Tormes del cual somos fabricantes es uno de nuestros \u00faltimos lanzamientos, muy \u00fatil para personas con movilidad reducida, para personas con discapacidad o para personas mayores que tengan problemas de movilidad.<\/p>\n<p>El scooter de movilidad modelo Tormes es un producto de \u00faltima generaci\u00f3n con un plegado excepcional y compacto, con dimensiones reducidas para guardarlo en espacios reducidos, peso ligero, etc\u2026 Sin duda una buena opci\u00f3n para llev\u00e1rselo en el coche sin que ocupe mucho espacio. Y lo mejor de todo es que se pliega con mando a distancia.<\/p>\n<p>Adem\u00e1s, su gran facilidad de uso y los \u00faltimos avances tecnol\u00f3gicos (f\u00e1cil de abrir y cerrar con solo un bot\u00f3n), permitir\u00e1 no tener l\u00edmites de movilidad y autonom\u00eda a la hora de utilizarlo, ya que dispone de un motor con alta potencia y bater\u00edas de litio duraderas que permite velocidades de hasta 8 Km\/h y una autonom\u00eda de hasta 16 km.<\/p>\n<p>Y, como la seguridad y comodidad para nosotros es lo primero, el scooter Salvatec Tormes cuenta con, bater\u00eda extra\u00edble, ruedas sin pinchazos, ruedas antivuelco, dise\u00f1o ergon\u00f3mico, sistema de estabilidad que hace que el dise\u00f1o del asiento absorba cualquier movimiento brusco por irregularidad en el pavimento, manillar ajustable que se adapta a las caracter\u00edsticas f\u00edsicas del usuario, entre otras funciones que te invitamos a conocer por ti mismo.<\/p>\n<p><strong>Caracter\u00edsticas<\/strong><\/p>\n<p>\u2013 Marca: Salvatec<\/p>\n<p>\u2013 Modelo: Tormes<\/p>\n<p>\u2013 Velocidad m\u00e1xima: 8 Km\/h<\/p>\n<p>\u2013 Autonom\u00eda: 16 Km<\/p>\n<p>\u2013 Carga m\u00e1xima usuario: 120 Kg<\/p>\n<p>\u2013 Longitud scooter desplegado: 1020 mm (plegado 450 mm)<\/p>\n<p>\u2013 Ancho scooter desplegado: 510 mm (plegado 510 mm)<\/p>\n<p>\u2013 Alto scooter desplegado: 92 mm (plegado 73 mm)<\/p>\n<p>\u2013 Peso sin bater\u00edas: 31 Kg<\/p>\n<p>\u2013 Peso con bater\u00edas: 32 Kg<\/p>\n<p>\u2013 Potencia motor: 250 W<\/p>\n<p>\u2013 Bater\u00eda extra\u00edble: SI<\/p>\n<p>\u2013 Tama\u00f1o rueda delantera: 180 mm<\/p>\n<p>\u2013 Tama\u00f1o ruedas traseras: 203 mm<\/p>\n<p>\u2013 Tipo de ruedas: S\u00f3lidas sin pinchazos amortiguadas<\/p>\n<p>\u2013 Capacidad de la bater\u00eda: 24\u202fV \/ 10 Ah<\/p>\n<p>\u2013 Tiempo de carga de la bater\u00eda: 4-6 horas<\/p>\n<p>\u2013 Cargador: 24 V 2 Amp<\/p>\n<p>\u2013 Plegado autom\u00e1tico: SI (mando a distancia)<\/p>\n<p>\u2013 \u00c1ngulo pendiente m\u00e1ximo: 12\u00ba<\/p>\n<p>\u2013 Distancia al suelo: 57 mm<\/p>\n<p>\u2013 Velocidad ajustable: SI<\/p>\n<p>\u2013 Columna de direcci\u00f3n regulable: SI<\/p>\n<p>\u2013 Indicador de nivel de bater\u00edas: SI<\/p>\n<p>\u2013 Disponible diferentes colores: SI (consultar)<\/p>\n<p>\u2013 Cesto delantero: SI (opcional)<\/p>","protected":false},"excerpt":{"rendered":"<p>Scooter el\u00e9ctrico de movilidad reducida modelo Tormes de la marca Salvatec. Nuestro scooter Salvatec Tormes es la soluci\u00f3n de movilidad perfecta para desplazarnos con seguridad y comodidad por la ciudad. El scooter plegable autom\u00e1tico modelo Tormes del cual somos fabricantes es uno de nuestros \u00faltimos lanzamientos, muy \u00fatil para personas con movilidad reducida, para personas [&hellip;]<\/p>\n","protected":false},"featured_media":23426,"comment_status":"open","ping_status":"closed","template":"","meta":[],"product_brand":[],"product_cat":[150],"product_tag":[],"class_list":{"0":"post-23425","1":"product","2":"type-product","3":"status-publish","4":"has-post-thumbnail","6":"product_cat-scooters-compra","8":"first","9":"instock","10":"shipping-taxable","11":"purchasable","12":"product-type-simple","13":"add-to-wishlist-after_add_to_cart"},"yoast_head":"<!-- This site is optimized with the Yoast SEO Premium plugin v23.6 (Yoast SEO v26.9) - https:\/\/yoast.com\/product\/yoast-seo-premium-wordpress\/ -->\n<title>Salvatec Tormes - fuerteventuramobilityscooterhire<\/title>\n<meta name=\"description\" content=\"Descubre la Salvatec Tormes, la silla de ruedas de alquiler que combina robustez y comodidad. \u00a1Alquila la calidad que mereces!\" \/>\n<meta name=\"robots\" content=\"index, follow, max-snippet:-1, max-image-preview:large, max-video-preview:-1\" \/>\n<link rel=\"canonical\" href=\"https:\/\/www.fuerteventuramobilityscooterhire.es\/en\/product\/salvatec-tormes\/\" \/>\n<meta property=\"og:locale\" content=\"en_GB\" \/>\n<meta property=\"og:type\" content=\"article\" \/>\n<meta property=\"og:title\" content=\"Salvatec Tormes\" \/>\n<meta property=\"og:description\" content=\"Descubre la Salvatec Tormes, la silla de ruedas de alquiler que combina robustez y comodidad. \u00a1Alquila la calidad que mereces!\" \/>\n<meta property=\"og:url\" content=\"https:\/\/www.fuerteventuramobilityscooterhire.es\/en\/product\/salvatec-tormes\/\" \/>\n<meta property=\"og:site_name\" content=\"fuerteventuramobilityscooterhire\" \/>\n<meta property=\"article:modified_time\" content=\"2024-11-19T11:05:11+00:00\" \/>\n<meta property=\"og:image\" content=\"https:\/\/www.fuerteventuramobilityscooterhire.es\/wp-content\/uploads\/2024\/11\/salvatec-tormes-01-ok2.jpg\" \/>\n\t<meta property=\"og:image:width\" content=\"800\" \/>\n\t<meta property=\"og:image:height\" content=\"800\" \/>\n\t<meta property=\"og:image:type\" content=\"image\/jpeg\" \/>\n<meta name=\"twitter:card\" content=\"summary_large_image\" \/>\n<meta name=\"twitter:label1\" content=\"Estimated reading time\" \/>\n\t<meta name=\"twitter:data1\" content=\"2 minutes\" \/>\n<script type=\"application\/ld+json\" class=\"yoast-schema-graph\">{\"@context\":\"https:\/\/schema.org\",\"@graph\":[{\"@type\":\"WebPage\",\"@id\":\"https:\/\/www.fuerteventuramobilityscooterhire.es\/product\/salvatec-tormes\/\",\"url\":\"https:\/\/www.fuerteventuramobilityscooterhire.es\/product\/salvatec-tormes\/\",\"name\":\"Salvatec Tormes - fuerteventuramobilityscooterhire\",\"isPartOf\":{\"@id\":\"https:\/\/www.fuerteventuramobilityscooterhire.es\/#website\"},\"primaryImageOfPage\":{\"@id\":\"https:\/\/www.fuerteventuramobilityscooterhire.es\/product\/salvatec-tormes\/#primaryimage\"},\"image\":{\"@id\":\"https:\/\/www.fuerteventuramobilityscooterhire.es\/product\/salvatec-tormes\/#primaryimage\"},\"thumbnailUrl\":\"https:\/\/www.fuerteventuramobilityscooterhire.es\/wp-content\/uploads\/2024\/11\/salvatec-tormes-01-ok2.jpg\",\"datePublished\":\"2024-11-13T19:08:05+00:00\",\"dateModified\":\"2024-11-19T11:05:11+00:00\",\"description\":\"Descubre la Salvatec Tormes, la silla de ruedas de alquiler que combina robustez y comodidad. \u00a1Alquila la calidad que mereces!\",\"breadcrumb\":{\"@id\":\"https:\/\/www.fuerteventuramobilityscooterhire.es\/product\/salvatec-tormes\/#breadcrumb\"},\"inLanguage\":\"en-GB\",\"potentialAction\":[{\"@type\":\"ReadAction\",\"target\":[\"https:\/\/www.fuerteventuramobilityscooterhire.es\/product\/salvatec-tormes\/\"]}]},{\"@type\":\"ImageObject\",\"inLanguage\":\"en-GB\",\"@id\":\"https:\/\/www.fuerteventuramobilityscooterhire.es\/product\/salvatec-tormes\/#primaryimage\",\"url\":\"https:\/\/www.fuerteventuramobilityscooterhire.es\/wp-content\/uploads\/2024\/11\/salvatec-tormes-01-ok2.jpg\",\"contentUrl\":\"https:\/\/www.fuerteventuramobilityscooterhire.es\/wp-content\/uploads\/2024\/11\/salvatec-tormes-01-ok2.jpg\",\"width\":800,\"height\":800,\"caption\":\"Salvatec Tormes\"},{\"@type\":\"BreadcrumbList\",\"@id\":\"https:\/\/www.fuerteventuramobilityscooterhire.es\/product\/salvatec-tormes\/#breadcrumb\",\"itemListElement\":[{\"@type\":\"ListItem\",\"position\":1,\"name\":\"Portada\",\"item\":\"https:\/\/www.fuerteventuramobilityscooterhire.es\/\"},{\"@type\":\"ListItem\",\"position\":2,\"name\":\"Tienda\",\"item\":\"https:\/\/www.fuerteventuramobilityscooterhire.es\/shop-2\/\"},{\"@type\":\"ListItem\",\"position\":3,\"name\":\"Salvatec Tormes\"}]},{\"@type\":\"WebSite\",\"@id\":\"https:\/\/www.fuerteventuramobilityscooterhire.es\/#website\",\"url\":\"https:\/\/www.fuerteventuramobilityscooterhire.es\/\",\"name\":\"fuerteventuramobilityscooterhire\",\"description\":\"\",\"potentialAction\":[{\"@type\":\"SearchAction\",\"target\":{\"@type\":\"EntryPoint\",\"urlTemplate\":\"https:\/\/www.fuerteventuramobilityscooterhire.es\/?s={search_term_string}\"},\"query-input\":{\"@type\":\"PropertyValueSpecification\",\"valueRequired\":true,\"valueName\":\"search_term_string\"}}],\"inLanguage\":\"en-GB\"}]}<\/script>\n<!-- \/ Yoast SEO Premium plugin. -->","yoast_head_json":{"title":"Salvatec Tormes - fuerteventuramobilityscooterhire","description":"Descubre la Salvatec Tormes, la silla de ruedas de alquiler que combina robustez y comodidad. \u00a1Alquila la calidad que mereces!","robots":{"index":"index","follow":"follow","max-snippet":"max-snippet:-1","max-image-preview":"max-image-preview:large","max-video-preview":"max-video-preview:-1"},"canonical":"https:\/\/www.fuerteventuramobilityscooterhire.es\/en\/product\/salvatec-tormes\/","og_locale":"en_GB","og_type":"article","og_title":"Salvatec Tormes","og_description":"Descubre la Salvatec Tormes, la silla de ruedas de alquiler que combina robustez y comodidad. \u00a1Alquila la calidad que mereces!","og_url":"https:\/\/www.fuerteventuramobilityscooterhire.es\/en\/product\/salvatec-tormes\/","og_site_name":"fuerteventuramobilityscooterhire","article_modified_time":"2024-11-19T11:05:11+00:00","og_image":[{"width":800,"height":800,"url":"https:\/\/www.fuerteventuramobilityscooterhire.es\/wp-content\/uploads\/2024\/11\/salvatec-tormes-01-ok2.jpg","type":"image\/jpeg"}],"twitter_card":"summary_large_image","twitter_misc":{"Estimated reading time":"2 minutes"},"schema":{"@context":"https:\/\/schema.org","@graph":[{"@type":"WebPage","@id":"https:\/\/www.fuerteventuramobilityscooterhire.es\/product\/salvatec-tormes\/","url":"https:\/\/www.fuerteventuramobilityscooterhire.es\/product\/salvatec-tormes\/","name":"Salvatec Tormes - fuerteventuramobilityscooterhire","isPartOf":{"@id":"https:\/\/www.fuerteventuramobilityscooterhire.es\/#website"},"primaryImageOfPage":{"@id":"https:\/\/www.fuerteventuramobilityscooterhire.es\/product\/salvatec-tormes\/#primaryimage"},"image":{"@id":"https:\/\/www.fuerteventuramobilityscooterhire.es\/product\/salvatec-tormes\/#primaryimage"},"thumbnailUrl":"https:\/\/www.fuerteventuramobilityscooterhire.es\/wp-content\/uploads\/2024\/11\/salvatec-tormes-01-ok2.jpg","datePublished":"2024-11-13T19:08:05+00:00","dateModified":"2024-11-19T11:05:11+00:00","description":"Descubre la Salvatec Tormes, la silla de ruedas de alquiler que combina robustez y comodidad. \u00a1Alquila la calidad que mereces!","breadcrumb":{"@id":"https:\/\/www.fuerteventuramobilityscooterhire.es\/product\/salvatec-tormes\/#breadcrumb"},"inLanguage":"en-GB","potentialAction":[{"@type":"ReadAction","target":["https:\/\/www.fuerteventuramobilityscooterhire.es\/product\/salvatec-tormes\/"]}]},{"@type":"ImageObject","inLanguage":"en-GB","@id":"https:\/\/www.fuerteventuramobilityscooterhire.es\/product\/salvatec-tormes\/#primaryimage","url":"https:\/\/www.fuerteventuramobilityscooterhire.es\/wp-content\/uploads\/2024\/11\/salvatec-tormes-01-ok2.jpg","contentUrl":"https:\/\/www.fuerteventuramobilityscooterhire.es\/wp-content\/uploads\/2024\/11\/salvatec-tormes-01-ok2.jpg","width":800,"height":800,"caption":"Salvatec Tormes"},{"@type":"BreadcrumbList","@id":"https:\/\/www.fuerteventuramobilityscooterhire.es\/product\/salvatec-tormes\/#breadcrumb","itemListElement":[{"@type":"ListItem","position":1,"name":"Portada","item":"https:\/\/www.fuerteventuramobilityscooterhire.es\/"},{"@type":"ListItem","position":2,"name":"Tienda","item":"https:\/\/www.fuerteventuramobilityscooterhire.es\/shop-2\/"},{"@type":"ListItem","position":3,"name":"Salvatec Tormes"}]},{"@type":"WebSite","@id":"https:\/\/www.fuerteventuramobilityscooterhire.es\/#website","url":"https:\/\/www.fuerteventuramobilityscooterhire.es\/","name":"Fuerteventura mobility scooter hire","description":"","potentialAction":[{"@type":"SearchAction","target":{"@type":"EntryPoint","urlTemplate":"https:\/\/www.fuerteventuramobilityscooterhire.es\/?s={search_term_string}"},"query-input":{"@type":"PropertyValueSpecification","valueRequired":true,"valueName":"search_term_string"}}],"inLanguage":"en-GB"}]}},"_links":{"self":[{"href":"https:\/\/www.fuerteventuramobilityscooterhire.es\/en\/wp-json\/wp\/v2\/product\/23425","targetHints":{"allow":["GET"]}}],"collection":[{"href":"https:\/\/www.fuerteventuramobilityscooterhire.es\/en\/wp-json\/wp\/v2\/product"}],"about":[{"href":"https:\/\/www.fuerteventuramobilityscooterhire.es\/en\/wp-json\/wp\/v2\/types\/product"}],"replies":[{"embeddable":true,"href":"https:\/\/www.fuerteventuramobilityscooterhire.es\/en\/wp-json\/wp\/v2\/comments?post=23425"}],"wp:featuredmedia":[{"embeddable":true,"href":"https:\/\/www.fuerteventuramobilityscooterhire.es\/en\/wp-json\/wp\/v2\/media\/23426"}],"wp:attachment":[{"href":"https:\/\/www.fuerteventuramobilityscooterhire.es\/en\/wp-json\/wp\/v2\/media?parent=23425"}],"wp:term":[{"taxonomy":"product_brand","embeddable":true,"href":"https:\/\/www.fuerteventuramobilityscooterhire.es\/en\/wp-json\/wp\/v2\/product_brand?post=23425"},{"taxonomy":"product_cat","embeddable":true,"href":"https:\/\/www.fuerteventuramobilityscooterhire.es\/en\/wp-json\/wp\/v2\/product_cat?post=23425"},{"taxonomy":"product_tag","embeddable":true,"href":"https:\/\/www.fuerteventuramobilityscooterhire.es\/en\/wp-json\/wp\/v2\/product_tag?post=23425"}],"curies":[{"name":"wp","href":"https:\/\/api.w.org\/{rel}","templated":true}]}}