{"id":23434,"date":"2024-11-13T20:16:09","date_gmt":"2024-11-13T19:16:09","guid":{"rendered":"https:\/\/www.fuerteventuramobilityscooterhire.es\/?post_type=product&#038;p=23434"},"modified":"2024-11-19T11:53:28","modified_gmt":"2024-11-19T10:53:28","slug":"nalon-sport","status":"publish","type":"product","link":"https:\/\/www.fuerteventuramobilityscooterhire.es\/en\/product\/nalon-sport\/","title":{"rendered":"Nal\u00f3n Sport"},"content":{"rendered":"<p>Uno de los mejores scooters el\u00e9ctricos de movilidad de dimensiones peque\u00f1as, y a la misma vez muy potente, que puedes encontrar actualmente en el mercado es el modelo Nal\u00f3n Sport de la marca Salvatec.<\/p>\n<p>Nuestro modelo Nal\u00f3n Sport dispone de un sistema de amortiguaci\u00f3n especial. El sistema de amortiguaci\u00f3n de este scooter de movilidad est\u00e1 especialmente dise\u00f1ado para aportar al usuario una experiencia de conducci\u00f3n m\u00e1s c\u00f3moda y suave, con el que podr\u00e1 afrontar baches y caminos irregulares sin inconvenientes gracias a sus 4 amortiguadores regulables integrados.<\/p>\n<p>Su motor de 450W y su bater\u00eda de 36 Ah ofrece una muy buena autonom\u00eda de hasta 40 km y lo convierten en una excelente opci\u00f3n para viajes en ciudad, y adem\u00e1s su medida es menos de 1,20 metros, gracias a esta medida especial se podr\u00e1 acceder casi a todos ascensores p\u00fablicos y\/o particulares.<\/p>\n<p>El scooter el\u00e9ctrico de movilidad Salvatec Nal\u00f3n Sport dispone de la novedosa tecnolog\u00eda de pantalla LCD, cuenta kil\u00f3metros, veloc\u00edmetro digital y Bluetooth, que le permitir\u00e1 escuchar su radio o m\u00fasica favorita y disponer de manos libres con su tel\u00e9fono habitual, el cual nunca se quedar\u00e1 sin bater\u00eda gracias a la toma de carga USB disponible.<\/p>\n<p>Dispone de un sistema de freno electromagn\u00e9tico autom\u00e1tico que junto a las luces e intermitentes delanteros y traseros LED garantizan una completa seguridad en su conducci\u00f3n nocturna.<\/p>\n<p>El asiento tipo \u201cCapit\u00e1n\u201d dispone de respaldo alto regulable en altura, anchura y profundidad y es giratorio en 360 grados, reclinable y abatible. Los reposabrazos como los reposacabezas tambi\u00e9n son abatibles y ajustables en altura y en anchura al usuario, permitiendo total adaptabilidad a cualquier discapacidad o dependencia de movilidad reducida.<\/p>\n<p><strong>Caracter\u00edsticas<\/strong><\/p>\n<p>\u2013 Marca: Salvatec<\/p>\n<p>\u2013 Modelo: Nal\u00f3n Sport<\/p>\n<p>\u2013 Motor: 450W<\/p>\n<p>\u2013 Controlador: 90A<\/p>\n<p>\u2013 Longitud: 1195 mm<\/p>\n<p>\u2013 Ancho: 637 mm<\/p>\n<p>\u2013 Altura: 1195 mm<\/p>\n<p>\u2013 Peso del scooter sin bater\u00edas: 75 kg<\/p>\n<p>\u2013 Peso del scooter con bater\u00edas: 102 kg<\/p>\n<p>\u2013 Tama\u00f1o de las ruedas delanteras: 260 mm<\/p>\n<p>\u2013 Tama\u00f1o de las ruedas traseras: 260 mm<\/p>\n<p>\u2013 Tipo cubiertas: Neum\u00e1ticas + C\u00e1mara<\/p>\n<p>\u2013 Suspensi\u00f3n: En las 4 ruedas<\/p>\n<p>\u2013 Velocidad m\u00e1xima: 10 km\/h<\/p>\n<p>\u2013 Radio de giro: 1330 mm<\/p>\n<p>\u2013 \u00c1ngulo pendiente m\u00e1xima: 15\u00ba<\/p>\n<p>\u2013 Capacidad de la bater\u00eda: 36 ah<\/p>\n<p>\u2013 Cargador: 5 Amp<\/p>\n<p>\u2013 Autonom\u00eda m\u00e1xima de conducci\u00f3n: 35 km<\/p>\n<p>\u2013 Capacidad m\u00e1xima de carga: 160 kg<\/p>\n<p>\u2013 Asiento regulable en altura: SI<\/p>\n<p>\u2013 Asiento regulable en profundidad: SI<\/p>\n<p>\u2013 Asiento giratorio 360\u00ba: SI<\/p>\n<p>\u2013 Respaldo abatible y reclinable: SI<\/p>\n<p>\u2013 Reposacabezas regulable en altura: SI<\/p>\n<p>\u2013 Cintur\u00f3n de seguridad: SI<\/p>\n<p>\u2013 Luces LED delanteras y traseras: SI<\/p>\n<p>\u2013 Intermitentes LED delanteras y traseras: SI<\/p>\n<p>\u2013 Retrovisores: SI<\/p>\n<p>\u2013 Columna de direcci\u00f3n regulable: SI<\/p>\n<p>\u2013 Cesta portaobjetos: SI<\/p>\n<p>\u2013 Ruedas antivuelco: SI<\/p>\n<p>\u2013 Paragolpes delantero y trasero: SI<\/p>\n<p>\u2013 Palanca desembrague: SI<\/p>\n<p>\u2013 Cuenta km y veloc\u00edmetro digital: SI<\/p>\n<p>\u2013 Panel LED: SI<\/p>\n<p>\u2013 Bluetooth integrado: SI<\/p>\n<p>\u2013 Altavoces integrados: SI<\/p>\n<p>\u2013 Toma de USB: SI<\/p>\n<p>\u2013 Disponible diferentes colores: SI (consultar)<\/p>\n<p>\u2013 Soporte para m\u00f3viles: (consultar)<\/p>\n<p>\u2013 Distancia al suelo: 10 cm<\/p>","protected":false},"excerpt":{"rendered":"<p>Uno de los mejores scooters el\u00e9ctricos de movilidad de dimensiones peque\u00f1as, y a la misma vez muy potente, que puedes encontrar actualmente en el mercado es el modelo Nal\u00f3n Sport de la marca Salvatec. Nuestro modelo Nal\u00f3n Sport dispone de un sistema de amortiguaci\u00f3n especial. El sistema de amortiguaci\u00f3n de este scooter de movilidad est\u00e1 [&hellip;]<\/p>\n","protected":false},"featured_media":23435,"comment_status":"open","ping_status":"closed","template":"","meta":[],"product_brand":[],"product_cat":[150],"product_tag":[],"class_list":{"0":"post-23434","1":"product","2":"type-product","3":"status-publish","4":"has-post-thumbnail","6":"product_cat-scooters-compra","8":"first","9":"instock","10":"sale","11":"shipping-taxable","12":"purchasable","13":"product-type-simple","14":"add-to-wishlist-after_add_to_cart"},"yoast_head":"<!-- This site is optimized with the Yoast SEO Premium plugin v23.6 (Yoast SEO v26.9) - https:\/\/yoast.com\/product\/yoast-seo-premium-wordpress\/ -->\n<title>Nal\u00f3n Sport - fuerteventuramobilityscooterhire<\/title>\n<meta name=\"description\" content=\"La Nal\u00f3n Sport, la silla de ruedas de alquiler deportiva y ligera. Ideal para quienes buscan movilidad y estilo. \u00a1Alquila la tuya ahora!\" \/>\n<meta name=\"robots\" content=\"index, follow, max-snippet:-1, max-image-preview:large, max-video-preview:-1\" \/>\n<link rel=\"canonical\" href=\"https:\/\/www.fuerteventuramobilityscooterhire.es\/en\/product\/nalon-sport\/\" \/>\n<meta property=\"og:locale\" content=\"en_GB\" \/>\n<meta property=\"og:type\" content=\"article\" \/>\n<meta property=\"og:title\" content=\"Nal\u00f3n Sport\" \/>\n<meta property=\"og:description\" content=\"La Nal\u00f3n Sport, la silla de ruedas de alquiler deportiva y ligera. Ideal para quienes buscan movilidad y estilo. \u00a1Alquila la tuya ahora!\" \/>\n<meta property=\"og:url\" content=\"https:\/\/www.fuerteventuramobilityscooterhire.es\/en\/product\/nalon-sport\/\" \/>\n<meta property=\"og:site_name\" content=\"fuerteventuramobilityscooterhire\" \/>\n<meta property=\"article:modified_time\" content=\"2024-11-19T10:53:28+00:00\" \/>\n<meta property=\"og:image\" content=\"https:\/\/www.fuerteventuramobilityscooterhire.es\/wp-content\/uploads\/2024\/11\/NALON-S-12.jpg\" \/>\n\t<meta property=\"og:image:width\" content=\"800\" \/>\n\t<meta property=\"og:image:height\" content=\"800\" \/>\n\t<meta property=\"og:image:type\" content=\"image\/jpeg\" \/>\n<meta name=\"twitter:card\" content=\"summary_large_image\" \/>\n<meta name=\"twitter:label1\" content=\"Estimated reading time\" \/>\n\t<meta name=\"twitter:data1\" content=\"3 minutes\" \/>\n<script type=\"application\/ld+json\" class=\"yoast-schema-graph\">{\"@context\":\"https:\/\/schema.org\",\"@graph\":[{\"@type\":\"WebPage\",\"@id\":\"https:\/\/www.fuerteventuramobilityscooterhire.es\/product\/nalon-sport\/\",\"url\":\"https:\/\/www.fuerteventuramobilityscooterhire.es\/product\/nalon-sport\/\",\"name\":\"Nal\u00f3n Sport - fuerteventuramobilityscooterhire\",\"isPartOf\":{\"@id\":\"https:\/\/www.fuerteventuramobilityscooterhire.es\/#website\"},\"primaryImageOfPage\":{\"@id\":\"https:\/\/www.fuerteventuramobilityscooterhire.es\/product\/nalon-sport\/#primaryimage\"},\"image\":{\"@id\":\"https:\/\/www.fuerteventuramobilityscooterhire.es\/product\/nalon-sport\/#primaryimage\"},\"thumbnailUrl\":\"https:\/\/www.fuerteventuramobilityscooterhire.es\/wp-content\/uploads\/2024\/11\/NALON-S-12.jpg\",\"datePublished\":\"2024-11-13T19:16:09+00:00\",\"dateModified\":\"2024-11-19T10:53:28+00:00\",\"description\":\"La Nal\u00f3n Sport, la silla de ruedas de alquiler deportiva y ligera. Ideal para quienes buscan movilidad y estilo. \u00a1Alquila la tuya ahora!\",\"breadcrumb\":{\"@id\":\"https:\/\/www.fuerteventuramobilityscooterhire.es\/product\/nalon-sport\/#breadcrumb\"},\"inLanguage\":\"en-GB\",\"potentialAction\":[{\"@type\":\"ReadAction\",\"target\":[\"https:\/\/www.fuerteventuramobilityscooterhire.es\/product\/nalon-sport\/\"]}]},{\"@type\":\"ImageObject\",\"inLanguage\":\"en-GB\",\"@id\":\"https:\/\/www.fuerteventuramobilityscooterhire.es\/product\/nalon-sport\/#primaryimage\",\"url\":\"https:\/\/www.fuerteventuramobilityscooterhire.es\/wp-content\/uploads\/2024\/11\/NALON-S-12.jpg\",\"contentUrl\":\"https:\/\/www.fuerteventuramobilityscooterhire.es\/wp-content\/uploads\/2024\/11\/NALON-S-12.jpg\",\"width\":800,\"height\":800,\"caption\":\"Nalon Sport\"},{\"@type\":\"BreadcrumbList\",\"@id\":\"https:\/\/www.fuerteventuramobilityscooterhire.es\/product\/nalon-sport\/#breadcrumb\",\"itemListElement\":[{\"@type\":\"ListItem\",\"position\":1,\"name\":\"Portada\",\"item\":\"https:\/\/www.fuerteventuramobilityscooterhire.es\/\"},{\"@type\":\"ListItem\",\"position\":2,\"name\":\"Tienda\",\"item\":\"https:\/\/www.fuerteventuramobilityscooterhire.es\/shop-2\/\"},{\"@type\":\"ListItem\",\"position\":3,\"name\":\"Nal\u00f3n Sport\"}]},{\"@type\":\"WebSite\",\"@id\":\"https:\/\/www.fuerteventuramobilityscooterhire.es\/#website\",\"url\":\"https:\/\/www.fuerteventuramobilityscooterhire.es\/\",\"name\":\"fuerteventuramobilityscooterhire\",\"description\":\"\",\"potentialAction\":[{\"@type\":\"SearchAction\",\"target\":{\"@type\":\"EntryPoint\",\"urlTemplate\":\"https:\/\/www.fuerteventuramobilityscooterhire.es\/?s={search_term_string}\"},\"query-input\":{\"@type\":\"PropertyValueSpecification\",\"valueRequired\":true,\"valueName\":\"search_term_string\"}}],\"inLanguage\":\"en-GB\"}]}<\/script>\n<!-- \/ Yoast SEO Premium plugin. -->","yoast_head_json":{"title":"Nal\u00f3n Sport - fuerteventuramobilityscooterhire","description":"La Nal\u00f3n Sport, la silla de ruedas de alquiler deportiva y ligera. Ideal para quienes buscan movilidad y estilo. \u00a1Alquila la tuya ahora!","robots":{"index":"index","follow":"follow","max-snippet":"max-snippet:-1","max-image-preview":"max-image-preview:large","max-video-preview":"max-video-preview:-1"},"canonical":"https:\/\/www.fuerteventuramobilityscooterhire.es\/en\/product\/nalon-sport\/","og_locale":"en_GB","og_type":"article","og_title":"Nal\u00f3n Sport","og_description":"La Nal\u00f3n Sport, la silla de ruedas de alquiler deportiva y ligera. Ideal para quienes buscan movilidad y estilo. \u00a1Alquila la tuya ahora!","og_url":"https:\/\/www.fuerteventuramobilityscooterhire.es\/en\/product\/nalon-sport\/","og_site_name":"fuerteventuramobilityscooterhire","article_modified_time":"2024-11-19T10:53:28+00:00","og_image":[{"width":800,"height":800,"url":"https:\/\/www.fuerteventuramobilityscooterhire.es\/wp-content\/uploads\/2024\/11\/NALON-S-12.jpg","type":"image\/jpeg"}],"twitter_card":"summary_large_image","twitter_misc":{"Estimated reading time":"3 minutes"},"schema":{"@context":"https:\/\/schema.org","@graph":[{"@type":"WebPage","@id":"https:\/\/www.fuerteventuramobilityscooterhire.es\/product\/nalon-sport\/","url":"https:\/\/www.fuerteventuramobilityscooterhire.es\/product\/nalon-sport\/","name":"Nal\u00f3n Sport - fuerteventuramobilityscooterhire","isPartOf":{"@id":"https:\/\/www.fuerteventuramobilityscooterhire.es\/#website"},"primaryImageOfPage":{"@id":"https:\/\/www.fuerteventuramobilityscooterhire.es\/product\/nalon-sport\/#primaryimage"},"image":{"@id":"https:\/\/www.fuerteventuramobilityscooterhire.es\/product\/nalon-sport\/#primaryimage"},"thumbnailUrl":"https:\/\/www.fuerteventuramobilityscooterhire.es\/wp-content\/uploads\/2024\/11\/NALON-S-12.jpg","datePublished":"2024-11-13T19:16:09+00:00","dateModified":"2024-11-19T10:53:28+00:00","description":"La Nal\u00f3n Sport, la silla de ruedas de alquiler deportiva y ligera. Ideal para quienes buscan movilidad y estilo. \u00a1Alquila la tuya ahora!","breadcrumb":{"@id":"https:\/\/www.fuerteventuramobilityscooterhire.es\/product\/nalon-sport\/#breadcrumb"},"inLanguage":"en-GB","potentialAction":[{"@type":"ReadAction","target":["https:\/\/www.fuerteventuramobilityscooterhire.es\/product\/nalon-sport\/"]}]},{"@type":"ImageObject","inLanguage":"en-GB","@id":"https:\/\/www.fuerteventuramobilityscooterhire.es\/product\/nalon-sport\/#primaryimage","url":"https:\/\/www.fuerteventuramobilityscooterhire.es\/wp-content\/uploads\/2024\/11\/NALON-S-12.jpg","contentUrl":"https:\/\/www.fuerteventuramobilityscooterhire.es\/wp-content\/uploads\/2024\/11\/NALON-S-12.jpg","width":800,"height":800,"caption":"Nalon Sport"},{"@type":"BreadcrumbList","@id":"https:\/\/www.fuerteventuramobilityscooterhire.es\/product\/nalon-sport\/#breadcrumb","itemListElement":[{"@type":"ListItem","position":1,"name":"Portada","item":"https:\/\/www.fuerteventuramobilityscooterhire.es\/"},{"@type":"ListItem","position":2,"name":"Tienda","item":"https:\/\/www.fuerteventuramobilityscooterhire.es\/shop-2\/"},{"@type":"ListItem","position":3,"name":"Nal\u00f3n Sport"}]},{"@type":"WebSite","@id":"https:\/\/www.fuerteventuramobilityscooterhire.es\/#website","url":"https:\/\/www.fuerteventuramobilityscooterhire.es\/","name":"Fuerteventura mobility scooter hire","description":"","potentialAction":[{"@type":"SearchAction","target":{"@type":"EntryPoint","urlTemplate":"https:\/\/www.fuerteventuramobilityscooterhire.es\/?s={search_term_string}"},"query-input":{"@type":"PropertyValueSpecification","valueRequired":true,"valueName":"search_term_string"}}],"inLanguage":"en-GB"}]}},"_links":{"self":[{"href":"https:\/\/www.fuerteventuramobilityscooterhire.es\/en\/wp-json\/wp\/v2\/product\/23434","targetHints":{"allow":["GET"]}}],"collection":[{"href":"https:\/\/www.fuerteventuramobilityscooterhire.es\/en\/wp-json\/wp\/v2\/product"}],"about":[{"href":"https:\/\/www.fuerteventuramobilityscooterhire.es\/en\/wp-json\/wp\/v2\/types\/product"}],"replies":[{"embeddable":true,"href":"https:\/\/www.fuerteventuramobilityscooterhire.es\/en\/wp-json\/wp\/v2\/comments?post=23434"}],"wp:featuredmedia":[{"embeddable":true,"href":"https:\/\/www.fuerteventuramobilityscooterhire.es\/en\/wp-json\/wp\/v2\/media\/23435"}],"wp:attachment":[{"href":"https:\/\/www.fuerteventuramobilityscooterhire.es\/en\/wp-json\/wp\/v2\/media?parent=23434"}],"wp:term":[{"taxonomy":"product_brand","embeddable":true,"href":"https:\/\/www.fuerteventuramobilityscooterhire.es\/en\/wp-json\/wp\/v2\/product_brand?post=23434"},{"taxonomy":"product_cat","embeddable":true,"href":"https:\/\/www.fuerteventuramobilityscooterhire.es\/en\/wp-json\/wp\/v2\/product_cat?post=23434"},{"taxonomy":"product_tag","embeddable":true,"href":"https:\/\/www.fuerteventuramobilityscooterhire.es\/en\/wp-json\/wp\/v2\/product_tag?post=23434"}],"curies":[{"name":"wp","href":"https:\/\/api.w.org\/{rel}","templated":true}]}}