{"id":23465,"date":"2024-11-13T20:41:16","date_gmt":"2024-11-13T19:41:16","guid":{"rendered":"https:\/\/www.fuerteventuramobilityscooterhire.es\/?post_type=product&#038;p=23465"},"modified":"2024-11-19T12:55:09","modified_gmt":"2024-11-19T11:55:09","slug":"plego","status":"publish","type":"product","link":"https:\/\/www.fuerteventuramobilityscooterhire.es\/en\/product\/plego\/","title":{"rendered":"Plego"},"content":{"rendered":"<p>La silla de ruedas el\u00e9ctrica plegable de movilidad reducida modelo Plego de la marca Vermeiren y distribuida por Salvatec Movilidad es una opci\u00f3n ideal para aquellas personas que tienen dificultades de movilidad y accesibilidad.<\/p>\n<p>Su caracter\u00edstica m\u00e1s destacada es la capacidad de plegar el chasis de aluminio en 3-5 segundos, lo que facilita su almacenamiento y transporte en espacios reducidos como maleteros de coches, autobuses, trenes, aviones, etc\u2026 Adem\u00e1s, ofrece un respaldo regulable en tensi\u00f3n y un asiento acolchado para mayor comodidad y seguridad para el usuario. Sus reposabrazos son abatibles y las ruedas traseras con guardabarros. La silla de ruedas plegable Plego garantiza traslados sencillos y seguros.<\/p>\n<p>Sus dos potentes motores de 200W y la presencia de ruedines antivuelco permiten recorrer caminos con pendientes ligeras. La bater\u00eda de litio de 12,8 Ah ofrece una autonom\u00eda m\u00e1xima de hasta 20 km y una velocidad de 6 km\/h, aunque tambi\u00e9n se puede optar como opci\u00f3n por una configuraci\u00f3n con bater\u00eda de 17,5 Ah para una mayor autonom\u00eda.<\/p>\n<p>Las ruedas, tanto traseras como delanteras, son antipinchazos y adecuadas para uso en interiores y exteriores, incluso en terrenos irregulares. La silla de ruedas plegable modelo Plego puede soportar un peso m\u00e1ximo de usuario de hasta 130 Kg, y cuenta con bandeja de reposapi\u00e9s y varios accesorios opcionales.<\/p>\n<p>Entre los accesorios adicionales se encuentra el soporte mando acompa\u00f1ante, que permite que otra persona pueda controlar la silla, un coj\u00edn viscoel\u00e1stico para mayor comodidad, y dos modelos de reposacabezas. Tambi\u00e9n se puede agregar una bolsa debajo del asiento para llevar objetos personales peque\u00f1os.<\/p>\n<p>En resumen, la silla de ruedas el\u00e9ctrica Plego de Vermeiren ofrece comodidad, autonom\u00eda y seguridad para las personas con problemas de movilidad.<\/p>\n<p><strong>Caracter\u00edsticas<\/strong><\/p>\n<p>\u2013 Fabricante: Vermeiren<br \/>\n\u2013 Modelo: Plego<br \/>\n\u2013 Autonom\u00eda m\u00e1xima: 20 Km<br \/>\n\u2013 Potencia motor: 2x200W<br \/>\n\u2013 Velocidad m\u00e1xima: 6 Km\/h<br \/>\n\u2013 Tipo de bater\u00eda: Litio<br \/>\n\u2013 Peso: 24,5 Kg<br \/>\n\u2013 Peso m\u00e1ximo de usuario: 130 Kg<br \/>\n\u2013 Ancho asiento: 46 cm<br \/>\n\u2013 Fondo asiento: 43 cm<br \/>\n\u2013 Alto respaldo: 46 cm<\/p>","protected":false},"excerpt":{"rendered":"<p>La silla de ruedas el\u00e9ctrica plegable de movilidad reducida modelo Plego de la marca Vermeiren y distribuida por Salvatec Movilidad es una opci\u00f3n ideal para aquellas personas que tienen dificultades de movilidad y accesibilidad. Su caracter\u00edstica m\u00e1s destacada es la capacidad de plegar el chasis de aluminio en 3-5 segundos, lo que facilita su almacenamiento [&hellip;]<\/p>\n","protected":false},"featured_media":23466,"comment_status":"open","ping_status":"closed","template":"","meta":[],"product_brand":[],"product_cat":[260],"product_tag":[],"class_list":{"0":"post-23465","1":"product","2":"type-product","3":"status-publish","4":"has-post-thumbnail","6":"product_cat-venta-silla-de-ruedas-electricas","8":"first","9":"instock","10":"shipping-taxable","11":"purchasable","12":"product-type-simple","13":"add-to-wishlist-after_add_to_cart"},"yoast_head":"<!-- This site is optimized with the Yoast SEO Premium plugin v23.6 (Yoast SEO v26.9) - https:\/\/yoast.com\/product\/yoast-seo-premium-wordpress\/ -->\n<title>Plego - fuerteventuramobilityscooterhire<\/title>\n<meta name=\"description\" content=\"Descubre Plego, la silla de ruedas de alquiler plegable y pr\u00e1ctica. Ligera, resistente y f\u00e1cil de transportar, es la soluci\u00f3n perfecta para movilidad.\" \/>\n<meta name=\"robots\" content=\"index, follow, max-snippet:-1, max-image-preview:large, max-video-preview:-1\" \/>\n<link rel=\"canonical\" href=\"https:\/\/www.fuerteventuramobilityscooterhire.es\/en\/product\/plego\/\" \/>\n<meta property=\"og:locale\" content=\"en_GB\" \/>\n<meta property=\"og:type\" content=\"article\" \/>\n<meta property=\"og:title\" content=\"Plego\" \/>\n<meta property=\"og:description\" content=\"Descubre Plego, la silla de ruedas de alquiler plegable y pr\u00e1ctica. Ligera, resistente y f\u00e1cil de transportar, es la soluci\u00f3n perfecta para movilidad.\" \/>\n<meta property=\"og:url\" content=\"https:\/\/www.fuerteventuramobilityscooterhire.es\/en\/product\/plego\/\" \/>\n<meta property=\"og:site_name\" content=\"fuerteventuramobilityscooterhire\" \/>\n<meta property=\"article:modified_time\" content=\"2024-11-19T11:55:09+00:00\" \/>\n<meta property=\"og:image\" content=\"https:\/\/www.fuerteventuramobilityscooterhire.es\/wp-content\/uploads\/2024\/11\/image3.jpg\" \/>\n\t<meta property=\"og:image:width\" content=\"800\" \/>\n\t<meta property=\"og:image:height\" content=\"800\" \/>\n\t<meta property=\"og:image:type\" content=\"image\/jpeg\" \/>\n<meta name=\"twitter:card\" content=\"summary_large_image\" \/>\n<meta name=\"twitter:label1\" content=\"Estimated reading time\" \/>\n\t<meta name=\"twitter:data1\" content=\"2 minutes\" \/>\n<script type=\"application\/ld+json\" class=\"yoast-schema-graph\">{\"@context\":\"https:\/\/schema.org\",\"@graph\":[{\"@type\":\"WebPage\",\"@id\":\"https:\/\/www.fuerteventuramobilityscooterhire.es\/product\/plego\/\",\"url\":\"https:\/\/www.fuerteventuramobilityscooterhire.es\/product\/plego\/\",\"name\":\"Plego - fuerteventuramobilityscooterhire\",\"isPartOf\":{\"@id\":\"https:\/\/www.fuerteventuramobilityscooterhire.es\/#website\"},\"primaryImageOfPage\":{\"@id\":\"https:\/\/www.fuerteventuramobilityscooterhire.es\/product\/plego\/#primaryimage\"},\"image\":{\"@id\":\"https:\/\/www.fuerteventuramobilityscooterhire.es\/product\/plego\/#primaryimage\"},\"thumbnailUrl\":\"https:\/\/www.fuerteventuramobilityscooterhire.es\/wp-content\/uploads\/2024\/11\/image3.jpg\",\"datePublished\":\"2024-11-13T19:41:16+00:00\",\"dateModified\":\"2024-11-19T11:55:09+00:00\",\"description\":\"Descubre Plego, la silla de ruedas de alquiler plegable y pr\u00e1ctica. Ligera, resistente y f\u00e1cil de transportar, es la soluci\u00f3n perfecta para movilidad.\",\"breadcrumb\":{\"@id\":\"https:\/\/www.fuerteventuramobilityscooterhire.es\/product\/plego\/#breadcrumb\"},\"inLanguage\":\"en-GB\",\"potentialAction\":[{\"@type\":\"ReadAction\",\"target\":[\"https:\/\/www.fuerteventuramobilityscooterhire.es\/product\/plego\/\"]}]},{\"@type\":\"ImageObject\",\"inLanguage\":\"en-GB\",\"@id\":\"https:\/\/www.fuerteventuramobilityscooterhire.es\/product\/plego\/#primaryimage\",\"url\":\"https:\/\/www.fuerteventuramobilityscooterhire.es\/wp-content\/uploads\/2024\/11\/image3.jpg\",\"contentUrl\":\"https:\/\/www.fuerteventuramobilityscooterhire.es\/wp-content\/uploads\/2024\/11\/image3.jpg\",\"width\":800,\"height\":800,\"caption\":\"silla de ruedas el\u00e9ctrica plegable\"},{\"@type\":\"BreadcrumbList\",\"@id\":\"https:\/\/www.fuerteventuramobilityscooterhire.es\/product\/plego\/#breadcrumb\",\"itemListElement\":[{\"@type\":\"ListItem\",\"position\":1,\"name\":\"Portada\",\"item\":\"https:\/\/www.fuerteventuramobilityscooterhire.es\/\"},{\"@type\":\"ListItem\",\"position\":2,\"name\":\"Tienda\",\"item\":\"https:\/\/www.fuerteventuramobilityscooterhire.es\/shop-2\/\"},{\"@type\":\"ListItem\",\"position\":3,\"name\":\"Plego\"}]},{\"@type\":\"WebSite\",\"@id\":\"https:\/\/www.fuerteventuramobilityscooterhire.es\/#website\",\"url\":\"https:\/\/www.fuerteventuramobilityscooterhire.es\/\",\"name\":\"fuerteventuramobilityscooterhire\",\"description\":\"\",\"potentialAction\":[{\"@type\":\"SearchAction\",\"target\":{\"@type\":\"EntryPoint\",\"urlTemplate\":\"https:\/\/www.fuerteventuramobilityscooterhire.es\/?s={search_term_string}\"},\"query-input\":{\"@type\":\"PropertyValueSpecification\",\"valueRequired\":true,\"valueName\":\"search_term_string\"}}],\"inLanguage\":\"en-GB\"}]}<\/script>\n<!-- \/ Yoast SEO Premium plugin. -->","yoast_head_json":{"title":"Plego - fuerteventuramobilityscooterhire","description":"Descubre Plego, la silla de ruedas de alquiler plegable y pr\u00e1ctica. Ligera, resistente y f\u00e1cil de transportar, es la soluci\u00f3n perfecta para movilidad.","robots":{"index":"index","follow":"follow","max-snippet":"max-snippet:-1","max-image-preview":"max-image-preview:large","max-video-preview":"max-video-preview:-1"},"canonical":"https:\/\/www.fuerteventuramobilityscooterhire.es\/en\/product\/plego\/","og_locale":"en_GB","og_type":"article","og_title":"Plego","og_description":"Descubre Plego, la silla de ruedas de alquiler plegable y pr\u00e1ctica. Ligera, resistente y f\u00e1cil de transportar, es la soluci\u00f3n perfecta para movilidad.","og_url":"https:\/\/www.fuerteventuramobilityscooterhire.es\/en\/product\/plego\/","og_site_name":"fuerteventuramobilityscooterhire","article_modified_time":"2024-11-19T11:55:09+00:00","og_image":[{"width":800,"height":800,"url":"https:\/\/www.fuerteventuramobilityscooterhire.es\/wp-content\/uploads\/2024\/11\/image3.jpg","type":"image\/jpeg"}],"twitter_card":"summary_large_image","twitter_misc":{"Estimated reading time":"2 minutes"},"schema":{"@context":"https:\/\/schema.org","@graph":[{"@type":"WebPage","@id":"https:\/\/www.fuerteventuramobilityscooterhire.es\/product\/plego\/","url":"https:\/\/www.fuerteventuramobilityscooterhire.es\/product\/plego\/","name":"Plego - fuerteventuramobilityscooterhire","isPartOf":{"@id":"https:\/\/www.fuerteventuramobilityscooterhire.es\/#website"},"primaryImageOfPage":{"@id":"https:\/\/www.fuerteventuramobilityscooterhire.es\/product\/plego\/#primaryimage"},"image":{"@id":"https:\/\/www.fuerteventuramobilityscooterhire.es\/product\/plego\/#primaryimage"},"thumbnailUrl":"https:\/\/www.fuerteventuramobilityscooterhire.es\/wp-content\/uploads\/2024\/11\/image3.jpg","datePublished":"2024-11-13T19:41:16+00:00","dateModified":"2024-11-19T11:55:09+00:00","description":"Descubre Plego, la silla de ruedas de alquiler plegable y pr\u00e1ctica. Ligera, resistente y f\u00e1cil de transportar, es la soluci\u00f3n perfecta para movilidad.","breadcrumb":{"@id":"https:\/\/www.fuerteventuramobilityscooterhire.es\/product\/plego\/#breadcrumb"},"inLanguage":"en-GB","potentialAction":[{"@type":"ReadAction","target":["https:\/\/www.fuerteventuramobilityscooterhire.es\/product\/plego\/"]}]},{"@type":"ImageObject","inLanguage":"en-GB","@id":"https:\/\/www.fuerteventuramobilityscooterhire.es\/product\/plego\/#primaryimage","url":"https:\/\/www.fuerteventuramobilityscooterhire.es\/wp-content\/uploads\/2024\/11\/image3.jpg","contentUrl":"https:\/\/www.fuerteventuramobilityscooterhire.es\/wp-content\/uploads\/2024\/11\/image3.jpg","width":800,"height":800,"caption":"silla de ruedas el\u00e9ctrica plegable"},{"@type":"BreadcrumbList","@id":"https:\/\/www.fuerteventuramobilityscooterhire.es\/product\/plego\/#breadcrumb","itemListElement":[{"@type":"ListItem","position":1,"name":"Portada","item":"https:\/\/www.fuerteventuramobilityscooterhire.es\/"},{"@type":"ListItem","position":2,"name":"Tienda","item":"https:\/\/www.fuerteventuramobilityscooterhire.es\/shop-2\/"},{"@type":"ListItem","position":3,"name":"Plego"}]},{"@type":"WebSite","@id":"https:\/\/www.fuerteventuramobilityscooterhire.es\/#website","url":"https:\/\/www.fuerteventuramobilityscooterhire.es\/","name":"Fuerteventura mobility scooter hire","description":"","potentialAction":[{"@type":"SearchAction","target":{"@type":"EntryPoint","urlTemplate":"https:\/\/www.fuerteventuramobilityscooterhire.es\/?s={search_term_string}"},"query-input":{"@type":"PropertyValueSpecification","valueRequired":true,"valueName":"search_term_string"}}],"inLanguage":"en-GB"}]}},"_links":{"self":[{"href":"https:\/\/www.fuerteventuramobilityscooterhire.es\/en\/wp-json\/wp\/v2\/product\/23465","targetHints":{"allow":["GET"]}}],"collection":[{"href":"https:\/\/www.fuerteventuramobilityscooterhire.es\/en\/wp-json\/wp\/v2\/product"}],"about":[{"href":"https:\/\/www.fuerteventuramobilityscooterhire.es\/en\/wp-json\/wp\/v2\/types\/product"}],"replies":[{"embeddable":true,"href":"https:\/\/www.fuerteventuramobilityscooterhire.es\/en\/wp-json\/wp\/v2\/comments?post=23465"}],"wp:featuredmedia":[{"embeddable":true,"href":"https:\/\/www.fuerteventuramobilityscooterhire.es\/en\/wp-json\/wp\/v2\/media\/23466"}],"wp:attachment":[{"href":"https:\/\/www.fuerteventuramobilityscooterhire.es\/en\/wp-json\/wp\/v2\/media?parent=23465"}],"wp:term":[{"taxonomy":"product_brand","embeddable":true,"href":"https:\/\/www.fuerteventuramobilityscooterhire.es\/en\/wp-json\/wp\/v2\/product_brand?post=23465"},{"taxonomy":"product_cat","embeddable":true,"href":"https:\/\/www.fuerteventuramobilityscooterhire.es\/en\/wp-json\/wp\/v2\/product_cat?post=23465"},{"taxonomy":"product_tag","embeddable":true,"href":"https:\/\/www.fuerteventuramobilityscooterhire.es\/en\/wp-json\/wp\/v2\/product_tag?post=23465"}],"curies":[{"name":"wp","href":"https:\/\/api.w.org\/{rel}","templated":true}]}}