{"id":22133,"date":"2024-09-10T16:10:55","date_gmt":"2024-09-10T16:10:55","guid":{"rendered":"https:\/\/www.fuerteventuramobilityscooterhire.es\/?post_type=product&#038;p=22133"},"modified":"2024-11-20T15:45:08","modified_gmt":"2024-11-20T14:45:08","slug":"alquiler-de-scooters-portatiles-de-movilidad-reducida","status":"publish","type":"product","link":"https:\/\/www.fuerteventuramobilityscooterhire.es\/fr\/product\/location-de-scooters-portables-de-mobilite-reduite\/","title":{"rendered":"Location de scooter de mobilit\u00e9 pliable"},"content":{"rendered":"<p>Poids maximum ou capacit\u00e9 de charge : 90 kg \u2022Moteur de 350W \u2022Vitesse de 10 km\/h \u2022Batteries 2x32Ah \u2022Autonomie 33 km \u2022Suspension arri\u00e8re double r\u00e9glable, aide \u00e0 mieux surmonter les obstacles \u2022Lumi\u00e8res et clignotants LED \u2022Grandes roues pneumatiques avec jantes en alliage de 26 cm \u2022Guidons et miroirs ergonomiques \u2022R\u00e9gulateur hydraulique de la colonne de direction \u2022Si\u00e8ge de luxe avec dossier haut et appuie-t\u00eate pivotant \u00e0 360\u00b0, r\u00e9glable en hauteur et en profondeur<\/p>","protected":false},"excerpt":{"rendered":"<p>Peso m\u00e1ximo o capacidad de carga: 90 kg \u2022Motor de 350W \u2022Velocidad de 10km\/h \u2022Bater\u00edas 2x32Ah \u2022Autonom\u00eda 33km \u2022Amortiguaci\u00f3n trasera doble regulable, ayuda a superar mejor los obst\u00e1culos \u2022Luces e intermitentes LED \u2022Grandes ruedas neum\u00e1ticas con llantas de aleaci\u00f3n de 26cm \u2022Manillares y espejos ergon\u00f3micos \u2022Regulador hidr\u00e1ulico de la columna de direcci\u00f3n \u2022Asiento deluxe con [&hellip;]<\/p>\n","protected":false},"featured_media":22503,"comment_status":"open","ping_status":"closed","template":"","meta":[],"product_brand":[],"product_cat":[103],"product_tag":[],"class_list":{"0":"post-22133","1":"product","2":"type-product","3":"status-publish","4":"has-post-thumbnail","6":"product_cat-alquiler-de-scooters-para-discapacitados-en-fuerteventura","8":"first","9":"instock","10":"virtual","11":"purchasable","12":"product-type-redq_rental","13":"add-to-wishlist-after_add_to_cart"},"yoast_head":"<!-- This site is optimized with the Yoast SEO Premium plugin v23.6 (Yoast SEO v26.9) - https:\/\/yoast.com\/product\/yoast-seo-premium-wordpress\/ -->\n<title>Alquiler de Scooter de movilidad plegable Alquiler scooter plegable - fuerteventuramobilityscooterhire<\/title>\n<meta name=\"description\" content=\"Alquila scooter de discapacitado plegable en Fuerteventura Jand\u00eda, Esquinzo, Costa Calma, Caleta Fuste, Puerto Rosario, Corralejo, Cotillo, Costa Antigua\" \/>\n<meta name=\"robots\" content=\"index, follow, max-snippet:-1, max-image-preview:large, max-video-preview:-1\" \/>\n<link rel=\"canonical\" href=\"https:\/\/www.fuerteventuramobilityscooterhire.es\/fr\/product\/location-de-scooters-portables-de-mobilite-reduite\/\" \/>\n<meta property=\"og:locale\" content=\"fr_FR\" \/>\n<meta property=\"og:type\" content=\"article\" \/>\n<meta property=\"og:title\" content=\"Alquiler de Scooter de movilidad plegable\" \/>\n<meta property=\"og:description\" content=\"Alquila scooter de discapacitado plegable en Fuerteventura Jand\u00eda, Esquinzo, Costa Calma, Caleta Fuste, Puerto Rosario, Corralejo, Cotillo, Costa Antigua\" \/>\n<meta property=\"og:url\" content=\"https:\/\/www.fuerteventuramobilityscooterhire.es\/fr\/product\/location-de-scooters-portables-de-mobilite-reduite\/\" \/>\n<meta property=\"og:site_name\" content=\"fuerteventuramobilityscooterhire\" \/>\n<meta property=\"article:modified_time\" content=\"2024-11-20T14:45:08+00:00\" \/>\n<meta property=\"og:image\" content=\"https:\/\/www.fuerteventuramobilityscooterhire.es\/wp-content\/uploads\/2024\/09\/8436590445297_1.jpg\" \/>\n\t<meta property=\"og:image:width\" content=\"640\" \/>\n\t<meta property=\"og:image:height\" content=\"640\" \/>\n\t<meta property=\"og:image:type\" content=\"image\/jpeg\" \/>\n<meta name=\"twitter:card\" content=\"summary_large_image\" \/>\n<meta name=\"twitter:label1\" content=\"Dur\u00e9e de lecture estim\u00e9e\" \/>\n\t<meta name=\"twitter:data1\" content=\"1 minute\" \/>\n<script type=\"application\/ld+json\" class=\"yoast-schema-graph\">{\"@context\":\"https:\/\/schema.org\",\"@graph\":[{\"@type\":\"WebPage\",\"@id\":\"https:\/\/www.fuerteventuramobilityscooterhire.es\/product\/alquiler-de-scooters-portatiles-de-movilidad-reducida\/\",\"url\":\"https:\/\/www.fuerteventuramobilityscooterhire.es\/product\/alquiler-de-scooters-portatiles-de-movilidad-reducida\/\",\"name\":\"Alquiler de Scooter de movilidad plegable Alquiler scooter plegable - fuerteventuramobilityscooterhire\",\"isPartOf\":{\"@id\":\"https:\/\/www.fuerteventuramobilityscooterhire.es\/#website\"},\"primaryImageOfPage\":{\"@id\":\"https:\/\/www.fuerteventuramobilityscooterhire.es\/product\/alquiler-de-scooters-portatiles-de-movilidad-reducida\/#primaryimage\"},\"image\":{\"@id\":\"https:\/\/www.fuerteventuramobilityscooterhire.es\/product\/alquiler-de-scooters-portatiles-de-movilidad-reducida\/#primaryimage\"},\"thumbnailUrl\":\"https:\/\/www.fuerteventuramobilityscooterhire.es\/wp-content\/uploads\/2024\/09\/8436590445297_1.jpg\",\"datePublished\":\"2024-09-10T16:10:55+00:00\",\"dateModified\":\"2024-11-20T14:45:08+00:00\",\"description\":\"Alquila scooter de discapacitado plegable en Fuerteventura Jand\u00eda, Esquinzo, Costa Calma, Caleta Fuste, Puerto Rosario, Corralejo, Cotillo, Costa Antigua\",\"breadcrumb\":{\"@id\":\"https:\/\/www.fuerteventuramobilityscooterhire.es\/product\/alquiler-de-scooters-portatiles-de-movilidad-reducida\/#breadcrumb\"},\"inLanguage\":\"fr-FR\",\"potentialAction\":[{\"@type\":\"ReadAction\",\"target\":[\"https:\/\/www.fuerteventuramobilityscooterhire.es\/product\/alquiler-de-scooters-portatiles-de-movilidad-reducida\/\"]}]},{\"@type\":\"ImageObject\",\"inLanguage\":\"fr-FR\",\"@id\":\"https:\/\/www.fuerteventuramobilityscooterhire.es\/product\/alquiler-de-scooters-portatiles-de-movilidad-reducida\/#primaryimage\",\"url\":\"https:\/\/www.fuerteventuramobilityscooterhire.es\/wp-content\/uploads\/2024\/09\/8436590445297_1.jpg\",\"contentUrl\":\"https:\/\/www.fuerteventuramobilityscooterhire.es\/wp-content\/uploads\/2024\/09\/8436590445297_1.jpg\",\"width\":640,\"height\":640},{\"@type\":\"BreadcrumbList\",\"@id\":\"https:\/\/www.fuerteventuramobilityscooterhire.es\/product\/alquiler-de-scooters-portatiles-de-movilidad-reducida\/#breadcrumb\",\"itemListElement\":[{\"@type\":\"ListItem\",\"position\":1,\"name\":\"Portada\",\"item\":\"https:\/\/www.fuerteventuramobilityscooterhire.es\/\"},{\"@type\":\"ListItem\",\"position\":2,\"name\":\"Tienda\",\"item\":\"https:\/\/www.fuerteventuramobilityscooterhire.es\/shop-2\/\"},{\"@type\":\"ListItem\",\"position\":3,\"name\":\"Alquiler de Scooter de movilidad plegable\"}]},{\"@type\":\"WebSite\",\"@id\":\"https:\/\/www.fuerteventuramobilityscooterhire.es\/#website\",\"url\":\"https:\/\/www.fuerteventuramobilityscooterhire.es\/\",\"name\":\"fuerteventuramobilityscooterhire\",\"description\":\"\",\"potentialAction\":[{\"@type\":\"SearchAction\",\"target\":{\"@type\":\"EntryPoint\",\"urlTemplate\":\"https:\/\/www.fuerteventuramobilityscooterhire.es\/?s={search_term_string}\"},\"query-input\":{\"@type\":\"PropertyValueSpecification\",\"valueRequired\":true,\"valueName\":\"search_term_string\"}}],\"inLanguage\":\"fr-FR\"}]}<\/script>\n<!-- \/ Yoast SEO Premium plugin. -->","yoast_head_json":{"title":"Location de scooters de mobilit\u00e9 pliables \u00e0 Fuerteventura","description":"Louez un scooter pliable pour personnes handicap\u00e9es \u00e0 Fuerteventura Jand\u00eda, Esquinzo, Costa Calma, Caleta Fuste, Puerto Rosario, Corralejo, Cotillo, Costa Antigua","robots":{"index":"index","follow":"follow","max-snippet":"max-snippet:-1","max-image-preview":"max-image-preview:large","max-video-preview":"max-video-preview:-1"},"canonical":"https:\/\/www.fuerteventuramobilityscooterhire.es\/fr\/product\/location-de-scooters-portables-de-mobilite-reduite\/","og_locale":"fr_FR","og_type":"article","og_title":"Alquiler de Scooter de movilidad plegable","og_description":"Alquila scooter de discapacitado plegable en Fuerteventura Jand\u00eda, Esquinzo, Costa Calma, Caleta Fuste, Puerto Rosario, Corralejo, Cotillo, Costa Antigua","og_url":"https:\/\/www.fuerteventuramobilityscooterhire.es\/fr\/product\/location-de-scooters-portables-de-mobilite-reduite\/","og_site_name":"fuerteventuramobilityscooterhire","article_modified_time":"2024-11-20T14:45:08+00:00","og_image":[{"width":640,"height":640,"url":"https:\/\/www.fuerteventuramobilityscooterhire.es\/wp-content\/uploads\/2024\/09\/8436590445297_1.jpg","type":"image\/jpeg"}],"twitter_card":"summary_large_image","twitter_misc":{"Dur\u00e9e de lecture estim\u00e9e":"1 minute"},"schema":{"@context":"https:\/\/schema.org","@graph":[{"@type":"WebPage","@id":"https:\/\/www.fuerteventuramobilityscooterhire.es\/product\/alquiler-de-scooters-portatiles-de-movilidad-reducida\/","url":"https:\/\/www.fuerteventuramobilityscooterhire.es\/product\/alquiler-de-scooters-portatiles-de-movilidad-reducida\/","name":"Location de scooters de mobilit\u00e9 pliables \u00e0 Fuerteventura","isPartOf":{"@id":"https:\/\/www.fuerteventuramobilityscooterhire.es\/#website"},"primaryImageOfPage":{"@id":"https:\/\/www.fuerteventuramobilityscooterhire.es\/product\/alquiler-de-scooters-portatiles-de-movilidad-reducida\/#primaryimage"},"image":{"@id":"https:\/\/www.fuerteventuramobilityscooterhire.es\/product\/alquiler-de-scooters-portatiles-de-movilidad-reducida\/#primaryimage"},"thumbnailUrl":"https:\/\/www.fuerteventuramobilityscooterhire.es\/wp-content\/uploads\/2024\/09\/8436590445297_1.jpg","datePublished":"2024-09-10T16:10:55+00:00","dateModified":"2024-11-20T14:45:08+00:00","description":"Louez un scooter pliable pour personnes handicap\u00e9es \u00e0 Fuerteventura Jand\u00eda, Esquinzo, Costa Calma, Caleta Fuste, Puerto Rosario, Corralejo, Cotillo, Costa Antigua","breadcrumb":{"@id":"https:\/\/www.fuerteventuramobilityscooterhire.es\/product\/alquiler-de-scooters-portatiles-de-movilidad-reducida\/#breadcrumb"},"inLanguage":"fr-FR","potentialAction":[{"@type":"ReadAction","target":["https:\/\/www.fuerteventuramobilityscooterhire.es\/product\/alquiler-de-scooters-portatiles-de-movilidad-reducida\/"]}]},{"@type":"ImageObject","inLanguage":"fr-FR","@id":"https:\/\/www.fuerteventuramobilityscooterhire.es\/product\/alquiler-de-scooters-portatiles-de-movilidad-reducida\/#primaryimage","url":"https:\/\/www.fuerteventuramobilityscooterhire.es\/wp-content\/uploads\/2024\/09\/8436590445297_1.jpg","contentUrl":"https:\/\/www.fuerteventuramobilityscooterhire.es\/wp-content\/uploads\/2024\/09\/8436590445297_1.jpg","width":640,"height":640},{"@type":"BreadcrumbList","@id":"https:\/\/www.fuerteventuramobilityscooterhire.es\/product\/alquiler-de-scooters-portatiles-de-movilidad-reducida\/#breadcrumb","itemListElement":[{"@type":"ListItem","position":1,"name":"Portada","item":"https:\/\/www.fuerteventuramobilityscooterhire.es\/"},{"@type":"ListItem","position":2,"name":"Tienda","item":"https:\/\/www.fuerteventuramobilityscooterhire.es\/shop-2\/"},{"@type":"ListItem","position":3,"name":"Alquiler de Scooter de movilidad plegable"}]},{"@type":"WebSite","@id":"https:\/\/www.fuerteventuramobilityscooterhire.es\/#website","url":"https:\/\/www.fuerteventuramobilityscooterhire.es\/","name":"Location de scooters de mobilit\u00e9 Fuerteventura","description":"","potentialAction":[{"@type":"SearchAction","target":{"@type":"EntryPoint","urlTemplate":"https:\/\/www.fuerteventuramobilityscooterhire.es\/?s={search_term_string}"},"query-input":{"@type":"PropertyValueSpecification","valueRequired":true,"valueName":"search_term_string"}}],"inLanguage":"fr-FR"}]}},"_links":{"self":[{"href":"https:\/\/www.fuerteventuramobilityscooterhire.es\/fr\/wp-json\/wp\/v2\/product\/22133","targetHints":{"allow":["GET"]}}],"collection":[{"href":"https:\/\/www.fuerteventuramobilityscooterhire.es\/fr\/wp-json\/wp\/v2\/product"}],"about":[{"href":"https:\/\/www.fuerteventuramobilityscooterhire.es\/fr\/wp-json\/wp\/v2\/types\/product"}],"replies":[{"embeddable":true,"href":"https:\/\/www.fuerteventuramobilityscooterhire.es\/fr\/wp-json\/wp\/v2\/comments?post=22133"}],"wp:featuredmedia":[{"embeddable":true,"href":"https:\/\/www.fuerteventuramobilityscooterhire.es\/fr\/wp-json\/wp\/v2\/media\/22503"}],"wp:attachment":[{"href":"https:\/\/www.fuerteventuramobilityscooterhire.es\/fr\/wp-json\/wp\/v2\/media?parent=22133"}],"wp:term":[{"taxonomy":"product_brand","embeddable":true,"href":"https:\/\/www.fuerteventuramobilityscooterhire.es\/fr\/wp-json\/wp\/v2\/product_brand?post=22133"},{"taxonomy":"product_cat","embeddable":true,"href":"https:\/\/www.fuerteventuramobilityscooterhire.es\/fr\/wp-json\/wp\/v2\/product_cat?post=22133"},{"taxonomy":"product_tag","embeddable":true,"href":"https:\/\/www.fuerteventuramobilityscooterhire.es\/fr\/wp-json\/wp\/v2\/product_tag?post=22133"}],"curies":[{"name":"wp","href":"https:\/\/api.w.org\/{rel}","templated":true}]}}