{"id":22587,"date":"2024-10-15T16:51:46","date_gmt":"2024-10-15T16:51:46","guid":{"rendered":"https:\/\/www.fuerteventuramobilityscooterhire.es\/?post_type=product&#038;p=22587"},"modified":"2024-11-19T12:31:51","modified_gmt":"2024-11-19T11:31:51","slug":"alquiler-de-grua-para-enfermos","status":"publish","type":"product","link":"https:\/\/www.fuerteventuramobilityscooterhire.es\/it\/product\/noleggio-sollevatore-per-pazienti\/","title":{"rendered":"Noleggio di sollevatore per malati"},"content":{"rendered":"<div class=\"vri-list-item-inner\">\n<div class=\"vri-list-item-descr\">\n<div class=\"vrilistitemdescr\">\n<div class=\"vri-list-item-inner\">\n<div class=\"vri-list-item-descr\">\n<div class=\"vrilistitemdescr\">\n<div class=\"vri-list-item-inner\">\n<div class=\"vri-list-item-descr\">\n<div class=\"vrilistitemdescr\">La nostra gru per malati a noleggio \u00e8 una gru compatta e versatile, progettata per uso domestico e tenendo conto delle esigenze quotidiane del paziente. \u00c8 una gru compatta ma resistente, che offre un'eccellente manovrabilit\u00e0 in ambienti in cui lo spazio \u00e8 limitato.<\/div>\n<\/div>\n<\/div>\n<\/div>\n<\/div>\n<\/div>\n<\/div>\n<\/div>\n<\/div>","protected":false},"excerpt":{"rendered":"<p>La nostra gru per malati a noleggio \u00e8 una gru compatta e versatile, progettata per uso domestico e tenendo conto delle esigenze quotidiane del paziente. \u00c8 una gru compatta ma resistente, che offre un'eccellente manovrabilit\u00e0 in ambienti in cui lo spazio \u00e8 limitato.<\/p>","protected":false},"featured_media":22594,"comment_status":"open","ping_status":"closed","template":"","meta":[],"product_brand":[],"product_cat":[124,125],"product_tag":[],"class_list":{"0":"post-22587","1":"product","2":"type-product","3":"status-publish","4":"has-post-thumbnail","6":"product_cat-equipamiento-para-el-bano","7":"product_cat-equipamiento-para-el-dormitorio","9":"first","10":"instock","11":"shipping-taxable","12":"purchasable","13":"product-type-redq_rental","14":"add-to-wishlist-after_add_to_cart"},"yoast_head":"<!-- This site is optimized with the Yoast SEO Premium plugin v23.6 (Yoast SEO v26.9) - https:\/\/yoast.com\/product\/yoast-seo-premium-wordpress\/ -->\n<title>Alquiler de Gr\u00faa para enfermos - fuerteventuramobilityscooterhire<\/title>\n<meta name=\"description\" content=\"Alquila gr\u00faa para enfermos en Fuerteventura, ideal para levantar y mover a personas con movilidad reducida de manera segura. Facilita el cuidado y la atenci\u00f3n. \u00a1Reserva la tuya hoy!\" \/>\n<meta name=\"robots\" content=\"index, follow, max-snippet:-1, max-image-preview:large, max-video-preview:-1\" \/>\n<link rel=\"canonical\" href=\"https:\/\/www.fuerteventuramobilityscooterhire.es\/it\/product\/noleggio-sollevatore-per-pazienti\/\" \/>\n<meta property=\"og:locale\" content=\"it_IT\" \/>\n<meta property=\"og:type\" content=\"article\" \/>\n<meta property=\"og:title\" content=\"Alquiler de Gr\u00faa para enfermos\" \/>\n<meta property=\"og:description\" content=\"Alquila gr\u00faa para enfermos en Fuerteventura, ideal para levantar y mover a personas con movilidad reducida de manera segura. Facilita el cuidado y la atenci\u00f3n. \u00a1Reserva la tuya hoy!\" \/>\n<meta property=\"og:url\" content=\"https:\/\/www.fuerteventuramobilityscooterhire.es\/it\/product\/noleggio-sollevatore-per-pazienti\/\" \/>\n<meta property=\"og:site_name\" content=\"fuerteventuramobilityscooterhire\" \/>\n<meta property=\"article:modified_time\" content=\"2024-11-19T11:31:51+00:00\" \/>\n<meta property=\"og:image\" content=\"https:\/\/www.fuerteventuramobilityscooterhire.es\/wp-content\/uploads\/2024\/10\/Captura-de-pantalla-2024-10-15-190921.png\" \/>\n\t<meta property=\"og:image:width\" content=\"792\" \/>\n\t<meta property=\"og:image:height\" content=\"491\" \/>\n\t<meta property=\"og:image:type\" content=\"image\/png\" \/>\n<meta name=\"twitter:card\" content=\"summary_large_image\" \/>\n<meta name=\"twitter:label1\" content=\"Tempo di lettura stimato\" \/>\n\t<meta name=\"twitter:data1\" content=\"1 minuto\" \/>\n<script type=\"application\/ld+json\" class=\"yoast-schema-graph\">{\"@context\":\"https:\/\/schema.org\",\"@graph\":[{\"@type\":\"WebPage\",\"@id\":\"https:\/\/www.fuerteventuramobilityscooterhire.es\/product\/alquiler-de-grua-para-enfermos\/\",\"url\":\"https:\/\/www.fuerteventuramobilityscooterhire.es\/product\/alquiler-de-grua-para-enfermos\/\",\"name\":\"Alquiler de Gr\u00faa para enfermos - fuerteventuramobilityscooterhire\",\"isPartOf\":{\"@id\":\"https:\/\/www.fuerteventuramobilityscooterhire.es\/#website\"},\"primaryImageOfPage\":{\"@id\":\"https:\/\/www.fuerteventuramobilityscooterhire.es\/product\/alquiler-de-grua-para-enfermos\/#primaryimage\"},\"image\":{\"@id\":\"https:\/\/www.fuerteventuramobilityscooterhire.es\/product\/alquiler-de-grua-para-enfermos\/#primaryimage\"},\"thumbnailUrl\":\"https:\/\/www.fuerteventuramobilityscooterhire.es\/wp-content\/uploads\/2024\/10\/Captura-de-pantalla-2024-10-15-190921.png\",\"datePublished\":\"2024-10-15T16:51:46+00:00\",\"dateModified\":\"2024-11-19T11:31:51+00:00\",\"description\":\"Alquila gr\u00faa para enfermos en Fuerteventura, ideal para levantar y mover a personas con movilidad reducida de manera segura. Facilita el cuidado y la atenci\u00f3n. \u00a1Reserva la tuya hoy!\",\"breadcrumb\":{\"@id\":\"https:\/\/www.fuerteventuramobilityscooterhire.es\/product\/alquiler-de-grua-para-enfermos\/#breadcrumb\"},\"inLanguage\":\"it-IT\",\"potentialAction\":[{\"@type\":\"ReadAction\",\"target\":[\"https:\/\/www.fuerteventuramobilityscooterhire.es\/product\/alquiler-de-grua-para-enfermos\/\"]}]},{\"@type\":\"ImageObject\",\"inLanguage\":\"it-IT\",\"@id\":\"https:\/\/www.fuerteventuramobilityscooterhire.es\/product\/alquiler-de-grua-para-enfermos\/#primaryimage\",\"url\":\"https:\/\/www.fuerteventuramobilityscooterhire.es\/wp-content\/uploads\/2024\/10\/Captura-de-pantalla-2024-10-15-190921.png\",\"contentUrl\":\"https:\/\/www.fuerteventuramobilityscooterhire.es\/wp-content\/uploads\/2024\/10\/Captura-de-pantalla-2024-10-15-190921.png\",\"width\":792,\"height\":491},{\"@type\":\"BreadcrumbList\",\"@id\":\"https:\/\/www.fuerteventuramobilityscooterhire.es\/product\/alquiler-de-grua-para-enfermos\/#breadcrumb\",\"itemListElement\":[{\"@type\":\"ListItem\",\"position\":1,\"name\":\"Portada\",\"item\":\"https:\/\/www.fuerteventuramobilityscooterhire.es\/\"},{\"@type\":\"ListItem\",\"position\":2,\"name\":\"Tienda\",\"item\":\"https:\/\/www.fuerteventuramobilityscooterhire.es\/shop-2\/\"},{\"@type\":\"ListItem\",\"position\":3,\"name\":\"Alquiler de Gr\u00faa para enfermos\"}]},{\"@type\":\"WebSite\",\"@id\":\"https:\/\/www.fuerteventuramobilityscooterhire.es\/#website\",\"url\":\"https:\/\/www.fuerteventuramobilityscooterhire.es\/\",\"name\":\"fuerteventuramobilityscooterhire\",\"description\":\"\",\"potentialAction\":[{\"@type\":\"SearchAction\",\"target\":{\"@type\":\"EntryPoint\",\"urlTemplate\":\"https:\/\/www.fuerteventuramobilityscooterhire.es\/?s={search_term_string}\"},\"query-input\":{\"@type\":\"PropertyValueSpecification\",\"valueRequired\":true,\"valueName\":\"search_term_string\"}}],\"inLanguage\":\"it-IT\"}]}<\/script>\n<!-- \/ Yoast SEO Premium plugin. -->","yoast_head_json":{"title":"Noleggio di sollevatori per pazienti - fuerteventuramobilityscooterhire","description":"Noleggia una gru per malati a Fuerteventura, ideale per sollevare e spostare persone con mobilit\u00e0 ridotta in modo sicuro. Facilita la cura e l'assistenza. Prenota la tua oggi!","robots":{"index":"index","follow":"follow","max-snippet":"max-snippet:-1","max-image-preview":"max-image-preview:large","max-video-preview":"max-video-preview:-1"},"canonical":"https:\/\/www.fuerteventuramobilityscooterhire.es\/it\/product\/noleggio-sollevatore-per-pazienti\/","og_locale":"it_IT","og_type":"article","og_title":"Alquiler de Gr\u00faa para enfermos","og_description":"Alquila gr\u00faa para enfermos en Fuerteventura, ideal para levantar y mover a personas con movilidad reducida de manera segura. Facilita el cuidado y la atenci\u00f3n. \u00a1Reserva la tuya hoy!","og_url":"https:\/\/www.fuerteventuramobilityscooterhire.es\/it\/product\/noleggio-sollevatore-per-pazienti\/","og_site_name":"fuerteventuramobilityscooterhire","article_modified_time":"2024-11-19T11:31:51+00:00","og_image":[{"width":792,"height":491,"url":"https:\/\/www.fuerteventuramobilityscooterhire.es\/wp-content\/uploads\/2024\/10\/Captura-de-pantalla-2024-10-15-190921.png","type":"image\/png"}],"twitter_card":"summary_large_image","twitter_misc":{"Tempo di lettura stimato":"1 minuto"},"schema":{"@context":"https:\/\/schema.org","@graph":[{"@type":"WebPage","@id":"https:\/\/www.fuerteventuramobilityscooterhire.es\/product\/alquiler-de-grua-para-enfermos\/","url":"https:\/\/www.fuerteventuramobilityscooterhire.es\/product\/alquiler-de-grua-para-enfermos\/","name":"Noleggio di sollevatori per pazienti - fuerteventuramobilityscooterhire","isPartOf":{"@id":"https:\/\/www.fuerteventuramobilityscooterhire.es\/#website"},"primaryImageOfPage":{"@id":"https:\/\/www.fuerteventuramobilityscooterhire.es\/product\/alquiler-de-grua-para-enfermos\/#primaryimage"},"image":{"@id":"https:\/\/www.fuerteventuramobilityscooterhire.es\/product\/alquiler-de-grua-para-enfermos\/#primaryimage"},"thumbnailUrl":"https:\/\/www.fuerteventuramobilityscooterhire.es\/wp-content\/uploads\/2024\/10\/Captura-de-pantalla-2024-10-15-190921.png","datePublished":"2024-10-15T16:51:46+00:00","dateModified":"2024-11-19T11:31:51+00:00","description":"Noleggia una gru per malati a Fuerteventura, ideale per sollevare e spostare persone con mobilit\u00e0 ridotta in modo sicuro. Facilita la cura e l'assistenza. Prenota la tua oggi!","breadcrumb":{"@id":"https:\/\/www.fuerteventuramobilityscooterhire.es\/product\/alquiler-de-grua-para-enfermos\/#breadcrumb"},"inLanguage":"it-IT","potentialAction":[{"@type":"ReadAction","target":["https:\/\/www.fuerteventuramobilityscooterhire.es\/product\/alquiler-de-grua-para-enfermos\/"]}]},{"@type":"ImageObject","inLanguage":"it-IT","@id":"https:\/\/www.fuerteventuramobilityscooterhire.es\/product\/alquiler-de-grua-para-enfermos\/#primaryimage","url":"https:\/\/www.fuerteventuramobilityscooterhire.es\/wp-content\/uploads\/2024\/10\/Captura-de-pantalla-2024-10-15-190921.png","contentUrl":"https:\/\/www.fuerteventuramobilityscooterhire.es\/wp-content\/uploads\/2024\/10\/Captura-de-pantalla-2024-10-15-190921.png","width":792,"height":491},{"@type":"BreadcrumbList","@id":"https:\/\/www.fuerteventuramobilityscooterhire.es\/product\/alquiler-de-grua-para-enfermos\/#breadcrumb","itemListElement":[{"@type":"ListItem","position":1,"name":"Portada","item":"https:\/\/www.fuerteventuramobilityscooterhire.es\/"},{"@type":"ListItem","position":2,"name":"Tienda","item":"https:\/\/www.fuerteventuramobilityscooterhire.es\/shop-2\/"},{"@type":"ListItem","position":3,"name":"Alquiler de Gr\u00faa para enfermos"}]},{"@type":"WebSite","@id":"https:\/\/www.fuerteventuramobilityscooterhire.es\/#website","url":"https:\/\/www.fuerteventuramobilityscooterhire.es\/","name":"Noleggio scooter per disabili a Fuerteventura","description":"","potentialAction":[{"@type":"SearchAction","target":{"@type":"EntryPoint","urlTemplate":"https:\/\/www.fuerteventuramobilityscooterhire.es\/?s={search_term_string}"},"query-input":{"@type":"PropertyValueSpecification","valueRequired":true,"valueName":"search_term_string"}}],"inLanguage":"it-IT"}]}},"_links":{"self":[{"href":"https:\/\/www.fuerteventuramobilityscooterhire.es\/it\/wp-json\/wp\/v2\/product\/22587","targetHints":{"allow":["GET"]}}],"collection":[{"href":"https:\/\/www.fuerteventuramobilityscooterhire.es\/it\/wp-json\/wp\/v2\/product"}],"about":[{"href":"https:\/\/www.fuerteventuramobilityscooterhire.es\/it\/wp-json\/wp\/v2\/types\/product"}],"replies":[{"embeddable":true,"href":"https:\/\/www.fuerteventuramobilityscooterhire.es\/it\/wp-json\/wp\/v2\/comments?post=22587"}],"wp:featuredmedia":[{"embeddable":true,"href":"https:\/\/www.fuerteventuramobilityscooterhire.es\/it\/wp-json\/wp\/v2\/media\/22594"}],"wp:attachment":[{"href":"https:\/\/www.fuerteventuramobilityscooterhire.es\/it\/wp-json\/wp\/v2\/media?parent=22587"}],"wp:term":[{"taxonomy":"product_brand","embeddable":true,"href":"https:\/\/www.fuerteventuramobilityscooterhire.es\/it\/wp-json\/wp\/v2\/product_brand?post=22587"},{"taxonomy":"product_cat","embeddable":true,"href":"https:\/\/www.fuerteventuramobilityscooterhire.es\/it\/wp-json\/wp\/v2\/product_cat?post=22587"},{"taxonomy":"product_tag","embeddable":true,"href":"https:\/\/www.fuerteventuramobilityscooterhire.es\/it\/wp-json\/wp\/v2\/product_tag?post=22587"}],"curies":[{"name":"wp","href":"https:\/\/api.w.org\/{rel}","templated":true}]}}