{"id":22645,"date":"2024-10-16T11:03:00","date_gmt":"2024-10-16T11:03:00","guid":{"rendered":"https:\/\/www.fuerteventuramobilityscooterhire.es\/?post_type=product&#038;p=22645"},"modified":"2024-11-19T12:31:14","modified_gmt":"2024-11-19T11:31:14","slug":"cama-hospitalaria-electrica","status":"publish","type":"product","link":"https:\/\/www.fuerteventuramobilityscooterhire.es\/it\/product\/letto-ospedaliero-elettrico\/","title":{"rendered":"Noleggio di letto ospedaliero elettrico"},"content":{"rendered":"<div class=\"vri-list-item-inner\">\n<div class=\"vri-list-item-descr\">\n<div class=\"vrilistitemdescr\">\n<div class=\"vri-list-item-inner\">\n<div class=\"vri-list-item-descr\">\n<div class=\"vrilistitemdescr\">\n<div class=\"vri-list-item-inner\">\n<div class=\"vri-list-item-descr\">\n<div class=\"vrilistitemdescr\">\n<div class=\"vri-list-item-inner\">\n<div class=\"vri-list-item-descr\">\n<div class=\"vrilistitemdescr\">\n<div class=\"vri-list-item-inner\">\n<div class=\"vri-list-item-descr\">\n<div class=\"vrilistitemdescr\">\n<div class=\"vri-list-item-inner\">\n<div class=\"vri-list-item-descr\">\n<div class=\"vrilistitemdescr\">Il nostro letto elettrico profilato a noleggio \u00e8 un letto elettrico profilato a 4 sezioni e con altezza regolabile, progettato per utenti fino a 50 kg (320 kg).<\/div>\n<\/div>\n<\/div>\n<div class=\"vri-list-item-cont\">\n<div class=\"vrilistcostdivcont\">\n<div class=\"vrilistdivcost\"><\/div>\n<\/div>\n<\/div>\n<\/div>\n<\/div>\n<\/div>\n<\/div>\n<\/div>\n<\/div>\n<\/div>\n<\/div>\n<\/div>\n<\/div>\n<\/div>\n<\/div>\n<\/div>\n<\/div>\n<\/div>","protected":false},"excerpt":{"rendered":"<p>Il nostro letto elettrico profilato a noleggio \u00e8 un letto elettrico profilato a 4 sezioni e con altezza regolabile, progettato per utenti fino a 50 kg (320 kg).<\/p>","protected":false},"featured_media":22647,"comment_status":"open","ping_status":"closed","template":"","meta":[],"product_brand":[],"product_cat":[125],"product_tag":[],"class_list":{"0":"post-22645","1":"product","2":"type-product","3":"status-publish","4":"has-post-thumbnail","6":"product_cat-equipamiento-para-el-dormitorio","8":"first","9":"instock","10":"shipping-taxable","11":"purchasable","12":"product-type-redq_rental","13":"add-to-wishlist-after_add_to_cart"},"yoast_head":"<!-- This site is optimized with the Yoast SEO Premium plugin v23.6 (Yoast SEO v26.9) - https:\/\/yoast.com\/product\/yoast-seo-premium-wordpress\/ -->\n<title>Alquiler de Cama hospitalaria el\u00e9ctrica - fuerteventuramobilityscooterhire<\/title>\n<meta name=\"description\" content=\"Alquila cama hospitalaria el\u00e9ctrica en Fuerteventura, dise\u00f1ada para ofrecer comodidad y soporte a personas con movilidad reducida. Ajustable para facilitar el descanso y cuidado. \u00a1Reserva la tuya hoy!\" \/>\n<meta name=\"robots\" content=\"index, follow, max-snippet:-1, max-image-preview:large, max-video-preview:-1\" \/>\n<link rel=\"canonical\" href=\"https:\/\/www.fuerteventuramobilityscooterhire.es\/it\/product\/letto-ospedaliero-elettrico\/\" \/>\n<meta property=\"og:locale\" content=\"it_IT\" \/>\n<meta property=\"og:type\" content=\"article\" \/>\n<meta property=\"og:title\" content=\"Alquiler de Cama hospitalaria el\u00e9ctrica\" \/>\n<meta property=\"og:description\" content=\"Alquila cama hospitalaria el\u00e9ctrica en Fuerteventura, dise\u00f1ada para ofrecer comodidad y soporte a personas con movilidad reducida. Ajustable para facilitar el descanso y cuidado. \u00a1Reserva la tuya hoy!\" \/>\n<meta property=\"og:url\" content=\"https:\/\/www.fuerteventuramobilityscooterhire.es\/it\/product\/letto-ospedaliero-elettrico\/\" \/>\n<meta property=\"og:site_name\" content=\"fuerteventuramobilityscooterhire\" \/>\n<meta property=\"article:modified_time\" content=\"2024-11-19T11:31:14+00:00\" \/>\n<meta property=\"og:image\" content=\"https:\/\/www.fuerteventuramobilityscooterhire.es\/wp-content\/uploads\/2024\/10\/Captura-de-pantalla-2024-10-16-131121.jpg\" \/>\n\t<meta property=\"og:image:width\" content=\"940\" \/>\n\t<meta property=\"og:image:height\" content=\"706\" \/>\n\t<meta property=\"og:image:type\" content=\"image\/jpeg\" \/>\n<meta name=\"twitter:card\" content=\"summary_large_image\" \/>\n<meta name=\"twitter:label1\" content=\"Tempo di lettura stimato\" \/>\n\t<meta name=\"twitter:data1\" content=\"1 minuto\" \/>\n<script type=\"application\/ld+json\" class=\"yoast-schema-graph\">{\"@context\":\"https:\/\/schema.org\",\"@graph\":[{\"@type\":\"WebPage\",\"@id\":\"https:\/\/www.fuerteventuramobilityscooterhire.es\/product\/cama-hospitalaria-electrica\/\",\"url\":\"https:\/\/www.fuerteventuramobilityscooterhire.es\/product\/cama-hospitalaria-electrica\/\",\"name\":\"Alquiler de Cama hospitalaria el\u00e9ctrica - fuerteventuramobilityscooterhire\",\"isPartOf\":{\"@id\":\"https:\/\/www.fuerteventuramobilityscooterhire.es\/#website\"},\"primaryImageOfPage\":{\"@id\":\"https:\/\/www.fuerteventuramobilityscooterhire.es\/product\/cama-hospitalaria-electrica\/#primaryimage\"},\"image\":{\"@id\":\"https:\/\/www.fuerteventuramobilityscooterhire.es\/product\/cama-hospitalaria-electrica\/#primaryimage\"},\"thumbnailUrl\":\"https:\/\/www.fuerteventuramobilityscooterhire.es\/wp-content\/uploads\/2024\/10\/Captura-de-pantalla-2024-10-16-131121.jpg\",\"datePublished\":\"2024-10-16T11:03:00+00:00\",\"dateModified\":\"2024-11-19T11:31:14+00:00\",\"description\":\"Alquila cama hospitalaria el\u00e9ctrica en Fuerteventura, dise\u00f1ada para ofrecer comodidad y soporte a personas con movilidad reducida. Ajustable para facilitar el descanso y cuidado. \u00a1Reserva la tuya hoy!\",\"breadcrumb\":{\"@id\":\"https:\/\/www.fuerteventuramobilityscooterhire.es\/product\/cama-hospitalaria-electrica\/#breadcrumb\"},\"inLanguage\":\"it-IT\",\"potentialAction\":[{\"@type\":\"ReadAction\",\"target\":[\"https:\/\/www.fuerteventuramobilityscooterhire.es\/product\/cama-hospitalaria-electrica\/\"]}]},{\"@type\":\"ImageObject\",\"inLanguage\":\"it-IT\",\"@id\":\"https:\/\/www.fuerteventuramobilityscooterhire.es\/product\/cama-hospitalaria-electrica\/#primaryimage\",\"url\":\"https:\/\/www.fuerteventuramobilityscooterhire.es\/wp-content\/uploads\/2024\/10\/Captura-de-pantalla-2024-10-16-131121.jpg\",\"contentUrl\":\"https:\/\/www.fuerteventuramobilityscooterhire.es\/wp-content\/uploads\/2024\/10\/Captura-de-pantalla-2024-10-16-131121.jpg\",\"width\":940,\"height\":706},{\"@type\":\"BreadcrumbList\",\"@id\":\"https:\/\/www.fuerteventuramobilityscooterhire.es\/product\/cama-hospitalaria-electrica\/#breadcrumb\",\"itemListElement\":[{\"@type\":\"ListItem\",\"position\":1,\"name\":\"Portada\",\"item\":\"https:\/\/www.fuerteventuramobilityscooterhire.es\/\"},{\"@type\":\"ListItem\",\"position\":2,\"name\":\"Tienda\",\"item\":\"https:\/\/www.fuerteventuramobilityscooterhire.es\/shop-2\/\"},{\"@type\":\"ListItem\",\"position\":3,\"name\":\"Alquiler de Cama hospitalaria el\u00e9ctrica\"}]},{\"@type\":\"WebSite\",\"@id\":\"https:\/\/www.fuerteventuramobilityscooterhire.es\/#website\",\"url\":\"https:\/\/www.fuerteventuramobilityscooterhire.es\/\",\"name\":\"fuerteventuramobilityscooterhire\",\"description\":\"\",\"potentialAction\":[{\"@type\":\"SearchAction\",\"target\":{\"@type\":\"EntryPoint\",\"urlTemplate\":\"https:\/\/www.fuerteventuramobilityscooterhire.es\/?s={search_term_string}\"},\"query-input\":{\"@type\":\"PropertyValueSpecification\",\"valueRequired\":true,\"valueName\":\"search_term_string\"}}],\"inLanguage\":\"it-IT\"}]}<\/script>\n<!-- \/ Yoast SEO Premium plugin. -->","yoast_head_json":{"title":"Noleggio letto ospedaliero elettrico - fuerteventuramobilityscooterhire","description":"Noleggia un letto ospedaliero elettrico a Fuerteventura, progettato per offrire comfort e supporto a persone con mobilit\u00e0 ridotta. Regolabile per facilitare il riposo e la cura. Prenota il tuo oggi!","robots":{"index":"index","follow":"follow","max-snippet":"max-snippet:-1","max-image-preview":"max-image-preview:large","max-video-preview":"max-video-preview:-1"},"canonical":"https:\/\/www.fuerteventuramobilityscooterhire.es\/it\/product\/letto-ospedaliero-elettrico\/","og_locale":"it_IT","og_type":"article","og_title":"Alquiler de Cama hospitalaria el\u00e9ctrica","og_description":"Alquila cama hospitalaria el\u00e9ctrica en Fuerteventura, dise\u00f1ada para ofrecer comodidad y soporte a personas con movilidad reducida. Ajustable para facilitar el descanso y cuidado. \u00a1Reserva la tuya hoy!","og_url":"https:\/\/www.fuerteventuramobilityscooterhire.es\/it\/product\/letto-ospedaliero-elettrico\/","og_site_name":"fuerteventuramobilityscooterhire","article_modified_time":"2024-11-19T11:31:14+00:00","og_image":[{"width":940,"height":706,"url":"https:\/\/www.fuerteventuramobilityscooterhire.es\/wp-content\/uploads\/2024\/10\/Captura-de-pantalla-2024-10-16-131121.jpg","type":"image\/jpeg"}],"twitter_card":"summary_large_image","twitter_misc":{"Tempo di lettura stimato":"1 minuto"},"schema":{"@context":"https:\/\/schema.org","@graph":[{"@type":"WebPage","@id":"https:\/\/www.fuerteventuramobilityscooterhire.es\/product\/cama-hospitalaria-electrica\/","url":"https:\/\/www.fuerteventuramobilityscooterhire.es\/product\/cama-hospitalaria-electrica\/","name":"Noleggio letto ospedaliero elettrico - fuerteventuramobilityscooterhire","isPartOf":{"@id":"https:\/\/www.fuerteventuramobilityscooterhire.es\/#website"},"primaryImageOfPage":{"@id":"https:\/\/www.fuerteventuramobilityscooterhire.es\/product\/cama-hospitalaria-electrica\/#primaryimage"},"image":{"@id":"https:\/\/www.fuerteventuramobilityscooterhire.es\/product\/cama-hospitalaria-electrica\/#primaryimage"},"thumbnailUrl":"https:\/\/www.fuerteventuramobilityscooterhire.es\/wp-content\/uploads\/2024\/10\/Captura-de-pantalla-2024-10-16-131121.jpg","datePublished":"2024-10-16T11:03:00+00:00","dateModified":"2024-11-19T11:31:14+00:00","description":"Noleggia un letto ospedaliero elettrico a Fuerteventura, progettato per offrire comfort e supporto a persone con mobilit\u00e0 ridotta. Regolabile per facilitare il riposo e la cura. Prenota il tuo oggi!","breadcrumb":{"@id":"https:\/\/www.fuerteventuramobilityscooterhire.es\/product\/cama-hospitalaria-electrica\/#breadcrumb"},"inLanguage":"it-IT","potentialAction":[{"@type":"ReadAction","target":["https:\/\/www.fuerteventuramobilityscooterhire.es\/product\/cama-hospitalaria-electrica\/"]}]},{"@type":"ImageObject","inLanguage":"it-IT","@id":"https:\/\/www.fuerteventuramobilityscooterhire.es\/product\/cama-hospitalaria-electrica\/#primaryimage","url":"https:\/\/www.fuerteventuramobilityscooterhire.es\/wp-content\/uploads\/2024\/10\/Captura-de-pantalla-2024-10-16-131121.jpg","contentUrl":"https:\/\/www.fuerteventuramobilityscooterhire.es\/wp-content\/uploads\/2024\/10\/Captura-de-pantalla-2024-10-16-131121.jpg","width":940,"height":706},{"@type":"BreadcrumbList","@id":"https:\/\/www.fuerteventuramobilityscooterhire.es\/product\/cama-hospitalaria-electrica\/#breadcrumb","itemListElement":[{"@type":"ListItem","position":1,"name":"Portada","item":"https:\/\/www.fuerteventuramobilityscooterhire.es\/"},{"@type":"ListItem","position":2,"name":"Tienda","item":"https:\/\/www.fuerteventuramobilityscooterhire.es\/shop-2\/"},{"@type":"ListItem","position":3,"name":"Alquiler de Cama hospitalaria el\u00e9ctrica"}]},{"@type":"WebSite","@id":"https:\/\/www.fuerteventuramobilityscooterhire.es\/#website","url":"https:\/\/www.fuerteventuramobilityscooterhire.es\/","name":"Noleggio scooter per disabili a Fuerteventura","description":"","potentialAction":[{"@type":"SearchAction","target":{"@type":"EntryPoint","urlTemplate":"https:\/\/www.fuerteventuramobilityscooterhire.es\/?s={search_term_string}"},"query-input":{"@type":"PropertyValueSpecification","valueRequired":true,"valueName":"search_term_string"}}],"inLanguage":"it-IT"}]}},"_links":{"self":[{"href":"https:\/\/www.fuerteventuramobilityscooterhire.es\/it\/wp-json\/wp\/v2\/product\/22645","targetHints":{"allow":["GET"]}}],"collection":[{"href":"https:\/\/www.fuerteventuramobilityscooterhire.es\/it\/wp-json\/wp\/v2\/product"}],"about":[{"href":"https:\/\/www.fuerteventuramobilityscooterhire.es\/it\/wp-json\/wp\/v2\/types\/product"}],"replies":[{"embeddable":true,"href":"https:\/\/www.fuerteventuramobilityscooterhire.es\/it\/wp-json\/wp\/v2\/comments?post=22645"}],"wp:featuredmedia":[{"embeddable":true,"href":"https:\/\/www.fuerteventuramobilityscooterhire.es\/it\/wp-json\/wp\/v2\/media\/22647"}],"wp:attachment":[{"href":"https:\/\/www.fuerteventuramobilityscooterhire.es\/it\/wp-json\/wp\/v2\/media?parent=22645"}],"wp:term":[{"taxonomy":"product_brand","embeddable":true,"href":"https:\/\/www.fuerteventuramobilityscooterhire.es\/it\/wp-json\/wp\/v2\/product_brand?post=22645"},{"taxonomy":"product_cat","embeddable":true,"href":"https:\/\/www.fuerteventuramobilityscooterhire.es\/it\/wp-json\/wp\/v2\/product_cat?post=22645"},{"taxonomy":"product_tag","embeddable":true,"href":"https:\/\/www.fuerteventuramobilityscooterhire.es\/it\/wp-json\/wp\/v2\/product_tag?post=22645"}],"curies":[{"name":"wp","href":"https:\/\/api.w.org\/{rel}","templated":true}]}}