{"id":22642,"date":"2024-10-16T11:00:25","date_gmt":"2024-10-16T11:00:25","guid":{"rendered":"https:\/\/www.fuerteventuramobilityscooterhire.es\/?post_type=product&#038;p=22642"},"modified":"2024-11-19T12:30:30","modified_gmt":"2024-11-19T11:30:30","slug":"alquiler-de-barra-de-apoyo-para-cama","status":"publish","type":"product","link":"https:\/\/www.fuerteventuramobilityscooterhire.es\/pl\/product\/wypozyczalnia-poreczy-wspierajacej-do-lozka-fuerteventuramobilityscooterhire\/","title":{"rendered":"Wypo\u017cyczalnia por\u0119czy wspieraj\u0105cej do \u0142\u00f3\u017cka"},"content":{"rendered":"<div class=\"vri-list-item-inner\">\n<div class=\"vri-list-item-descr\">\n<div class=\"vrilistitemdescr\">\n<div class=\"vri-list-item-inner\">\n<div class=\"vri-list-item-descr\">\n<div class=\"vrilistitemdescr\">\n<div class=\"vri-list-item-inner\">\n<div class=\"vri-list-item-descr\">\n<div class=\"vrilistitemdescr\">\n<div class=\"vri-list-item-inner\">\n<div class=\"vri-list-item-descr\">\n<div class=\"vrilistitemdescr\">\n<div class=\"vri-list-item-inner\">\n<div class=\"vri-list-item-descr\">\n<div class=\"vrilistitemdescr\">Barierka do \u0142\u00f3\u017cka stanowi praktyczne i bezpieczne rozwi\u0105zanie dla doros\u0142ych, kt\u00f3rzy potrzebuj\u0105 dodatkowego wsparcia przy wstawaniu lub k\u0142adzeniu si\u0119. Ta barierka, zaprojektowana specjalnie dla \u0142\u00f3\u017cek doros\u0142ych, oferuje regulowan\u0105 wysoko\u015b\u0107, z maksymaln\u0105 wysoko\u015bci\u0105 100 cm i minimaln\u0105 wysoko\u015bci\u0105 80 cm.<\/div>\n<\/div>\n<\/div>\n<div class=\"vri-list-item-cont\">\n<div class=\"vrilistcostdivcont\">\n<div class=\"vrilistdivcost\"><\/div>\n<\/div>\n<\/div>\n<\/div>\n<\/div>\n<\/div>\n<\/div>\n<\/div>\n<\/div>\n<\/div>\n<\/div>\n<\/div>\n<\/div>\n<\/div>\n<\/div>","protected":false},"excerpt":{"rendered":"<p>Barierka do \u0142\u00f3\u017cka stanowi praktyczne i bezpieczne rozwi\u0105zanie dla doros\u0142ych, kt\u00f3rzy potrzebuj\u0105 dodatkowego wsparcia przy wstawaniu lub k\u0142adzeniu si\u0119. Ta barierka, zaprojektowana specjalnie dla \u0142\u00f3\u017cek doros\u0142ych, oferuje regulowan\u0105 wysoko\u015b\u0107, z maksymaln\u0105 wysoko\u015bci\u0105 100 cm i minimaln\u0105 wysoko\u015bci\u0105 80 cm.<\/p>","protected":false},"featured_media":22644,"comment_status":"open","ping_status":"closed","template":"","meta":[],"product_brand":[],"product_cat":[125],"product_tag":[],"class_list":{"0":"post-22642","1":"product","2":"type-product","3":"status-publish","4":"has-post-thumbnail","6":"product_cat-equipamiento-para-el-dormitorio","8":"first","9":"instock","10":"shipping-taxable","11":"purchasable","12":"product-type-redq_rental","13":"add-to-wishlist-after_add_to_cart"},"yoast_head":"<!-- This site is optimized with the Yoast SEO Premium plugin v23.6 (Yoast SEO v26.9) - https:\/\/yoast.com\/product\/yoast-seo-premium-wordpress\/ -->\n<title>Alquiler de Barra de apoyo para cama - fuerteventuramobilityscooterhire<\/title>\n<meta name=\"description\" content=\"Alquila barra de apoyo para cama en Fuerteventura, dise\u00f1ada para proporcionar soporte adicional a personas con movilidad reducida. Mejora la seguridad y facilidad al levantarse. \u00a1Reserva ahora\" \/>\n<meta name=\"robots\" content=\"index, follow, max-snippet:-1, max-image-preview:large, max-video-preview:-1\" \/>\n<link rel=\"canonical\" href=\"https:\/\/www.fuerteventuramobilityscooterhire.es\/pl\/product\/wypozyczalnia-poreczy-wspierajacej-do-lozka-fuerteventuramobilityscooterhire\/\" \/>\n<meta property=\"og:locale\" content=\"pl_PL\" \/>\n<meta property=\"og:type\" content=\"article\" \/>\n<meta property=\"og:title\" content=\"Alquiler de Barra de apoyo para cama\" \/>\n<meta property=\"og:description\" content=\"Alquila barra de apoyo para cama en Fuerteventura, dise\u00f1ada para proporcionar soporte adicional a personas con movilidad reducida. Mejora la seguridad y facilidad al levantarse. \u00a1Reserva ahora\" \/>\n<meta property=\"og:url\" content=\"https:\/\/www.fuerteventuramobilityscooterhire.es\/pl\/product\/wypozyczalnia-poreczy-wspierajacej-do-lozka-fuerteventuramobilityscooterhire\/\" \/>\n<meta property=\"og:site_name\" content=\"fuerteventuramobilityscooterhire\" \/>\n<meta property=\"article:modified_time\" content=\"2024-11-19T11:30:30+00:00\" \/>\n<meta property=\"og:image\" content=\"https:\/\/www.fuerteventuramobilityscooterhire.es\/wp-content\/uploads\/2024\/10\/Captura-de-pantalla-2024-10-16-130212.png\" \/>\n\t<meta property=\"og:image:width\" content=\"779\" \/>\n\t<meta property=\"og:image:height\" content=\"764\" \/>\n\t<meta property=\"og:image:type\" content=\"image\/png\" \/>\n<meta name=\"twitter:card\" content=\"summary_large_image\" \/>\n<meta name=\"twitter:label1\" content=\"Szacowany czas czytania\" \/>\n\t<meta name=\"twitter:data1\" content=\"1 minuta\" \/>\n<script type=\"application\/ld+json\" class=\"yoast-schema-graph\">{\"@context\":\"https:\/\/schema.org\",\"@graph\":[{\"@type\":\"WebPage\",\"@id\":\"https:\/\/www.fuerteventuramobilityscooterhire.es\/product\/alquiler-de-barra-de-apoyo-para-cama\/\",\"url\":\"https:\/\/www.fuerteventuramobilityscooterhire.es\/product\/alquiler-de-barra-de-apoyo-para-cama\/\",\"name\":\"Alquiler de Barra de apoyo para cama - fuerteventuramobilityscooterhire\",\"isPartOf\":{\"@id\":\"https:\/\/www.fuerteventuramobilityscooterhire.es\/#website\"},\"primaryImageOfPage\":{\"@id\":\"https:\/\/www.fuerteventuramobilityscooterhire.es\/product\/alquiler-de-barra-de-apoyo-para-cama\/#primaryimage\"},\"image\":{\"@id\":\"https:\/\/www.fuerteventuramobilityscooterhire.es\/product\/alquiler-de-barra-de-apoyo-para-cama\/#primaryimage\"},\"thumbnailUrl\":\"https:\/\/www.fuerteventuramobilityscooterhire.es\/wp-content\/uploads\/2024\/10\/Captura-de-pantalla-2024-10-16-130212.png\",\"datePublished\":\"2024-10-16T11:00:25+00:00\",\"dateModified\":\"2024-11-19T11:30:30+00:00\",\"description\":\"Alquila barra de apoyo para cama en Fuerteventura, dise\u00f1ada para proporcionar soporte adicional a personas con movilidad reducida. Mejora la seguridad y facilidad al levantarse. \u00a1Reserva ahora\",\"breadcrumb\":{\"@id\":\"https:\/\/www.fuerteventuramobilityscooterhire.es\/product\/alquiler-de-barra-de-apoyo-para-cama\/#breadcrumb\"},\"inLanguage\":\"pl-PL\",\"potentialAction\":[{\"@type\":\"ReadAction\",\"target\":[\"https:\/\/www.fuerteventuramobilityscooterhire.es\/product\/alquiler-de-barra-de-apoyo-para-cama\/\"]}]},{\"@type\":\"ImageObject\",\"inLanguage\":\"pl-PL\",\"@id\":\"https:\/\/www.fuerteventuramobilityscooterhire.es\/product\/alquiler-de-barra-de-apoyo-para-cama\/#primaryimage\",\"url\":\"https:\/\/www.fuerteventuramobilityscooterhire.es\/wp-content\/uploads\/2024\/10\/Captura-de-pantalla-2024-10-16-130212.png\",\"contentUrl\":\"https:\/\/www.fuerteventuramobilityscooterhire.es\/wp-content\/uploads\/2024\/10\/Captura-de-pantalla-2024-10-16-130212.png\",\"width\":779,\"height\":764},{\"@type\":\"BreadcrumbList\",\"@id\":\"https:\/\/www.fuerteventuramobilityscooterhire.es\/product\/alquiler-de-barra-de-apoyo-para-cama\/#breadcrumb\",\"itemListElement\":[{\"@type\":\"ListItem\",\"position\":1,\"name\":\"Portada\",\"item\":\"https:\/\/www.fuerteventuramobilityscooterhire.es\/\"},{\"@type\":\"ListItem\",\"position\":2,\"name\":\"Tienda\",\"item\":\"https:\/\/www.fuerteventuramobilityscooterhire.es\/shop-2\/\"},{\"@type\":\"ListItem\",\"position\":3,\"name\":\"Alquiler de Barra de apoyo para cama\"}]},{\"@type\":\"WebSite\",\"@id\":\"https:\/\/www.fuerteventuramobilityscooterhire.es\/#website\",\"url\":\"https:\/\/www.fuerteventuramobilityscooterhire.es\/\",\"name\":\"fuerteventuramobilityscooterhire\",\"description\":\"\",\"potentialAction\":[{\"@type\":\"SearchAction\",\"target\":{\"@type\":\"EntryPoint\",\"urlTemplate\":\"https:\/\/www.fuerteventuramobilityscooterhire.es\/?s={search_term_string}\"},\"query-input\":{\"@type\":\"PropertyValueSpecification\",\"valueRequired\":true,\"valueName\":\"search_term_string\"}}],\"inLanguage\":\"pl-PL\"}]}<\/script>\n<!-- \/ Yoast SEO Premium plugin. -->","yoast_head_json":{"title":"Wypo\u017cyczalnia por\u0119czy wspieraj\u0105cej do \u0142\u00f3\u017cka - fuerteventuramobilityscooterhire","description":"Wynajmij por\u0119cz do \u0142\u00f3\u017cka na Fuerteventurze, zaprojektowan\u0105, aby zapewni\u0107 dodatkowe wsparcie dla os\u00f3b z ograniczon\u0105 mobilno\u015bci\u0105. Zwi\u0119ksza bezpiecze\u0144stwo i u\u0142atwia wstawanie. Zarezerwuj teraz!","robots":{"index":"index","follow":"follow","max-snippet":"max-snippet:-1","max-image-preview":"max-image-preview:large","max-video-preview":"max-video-preview:-1"},"canonical":"https:\/\/www.fuerteventuramobilityscooterhire.es\/pl\/product\/wypozyczalnia-poreczy-wspierajacej-do-lozka-fuerteventuramobilityscooterhire\/","og_locale":"pl_PL","og_type":"article","og_title":"Alquiler de Barra de apoyo para cama","og_description":"Alquila barra de apoyo para cama en Fuerteventura, dise\u00f1ada para proporcionar soporte adicional a personas con movilidad reducida. Mejora la seguridad y facilidad al levantarse. \u00a1Reserva ahora","og_url":"https:\/\/www.fuerteventuramobilityscooterhire.es\/pl\/product\/wypozyczalnia-poreczy-wspierajacej-do-lozka-fuerteventuramobilityscooterhire\/","og_site_name":"fuerteventuramobilityscooterhire","article_modified_time":"2024-11-19T11:30:30+00:00","og_image":[{"width":779,"height":764,"url":"https:\/\/www.fuerteventuramobilityscooterhire.es\/wp-content\/uploads\/2024\/10\/Captura-de-pantalla-2024-10-16-130212.png","type":"image\/png"}],"twitter_card":"summary_large_image","twitter_misc":{"Szacowany czas czytania":"1 minuta"},"schema":{"@context":"https:\/\/schema.org","@graph":[{"@type":"WebPage","@id":"https:\/\/www.fuerteventuramobilityscooterhire.es\/product\/alquiler-de-barra-de-apoyo-para-cama\/","url":"https:\/\/www.fuerteventuramobilityscooterhire.es\/product\/alquiler-de-barra-de-apoyo-para-cama\/","name":"Wypo\u017cyczalnia por\u0119czy wspieraj\u0105cej do \u0142\u00f3\u017cka - fuerteventuramobilityscooterhire","isPartOf":{"@id":"https:\/\/www.fuerteventuramobilityscooterhire.es\/#website"},"primaryImageOfPage":{"@id":"https:\/\/www.fuerteventuramobilityscooterhire.es\/product\/alquiler-de-barra-de-apoyo-para-cama\/#primaryimage"},"image":{"@id":"https:\/\/www.fuerteventuramobilityscooterhire.es\/product\/alquiler-de-barra-de-apoyo-para-cama\/#primaryimage"},"thumbnailUrl":"https:\/\/www.fuerteventuramobilityscooterhire.es\/wp-content\/uploads\/2024\/10\/Captura-de-pantalla-2024-10-16-130212.png","datePublished":"2024-10-16T11:00:25+00:00","dateModified":"2024-11-19T11:30:30+00:00","description":"Wynajmij por\u0119cz do \u0142\u00f3\u017cka na Fuerteventurze, zaprojektowan\u0105, aby zapewni\u0107 dodatkowe wsparcie dla os\u00f3b z ograniczon\u0105 mobilno\u015bci\u0105. Zwi\u0119ksza bezpiecze\u0144stwo i u\u0142atwia wstawanie. Zarezerwuj teraz!","breadcrumb":{"@id":"https:\/\/www.fuerteventuramobilityscooterhire.es\/product\/alquiler-de-barra-de-apoyo-para-cama\/#breadcrumb"},"inLanguage":"pl-PL","potentialAction":[{"@type":"ReadAction","target":["https:\/\/www.fuerteventuramobilityscooterhire.es\/product\/alquiler-de-barra-de-apoyo-para-cama\/"]}]},{"@type":"ImageObject","inLanguage":"pl-PL","@id":"https:\/\/www.fuerteventuramobilityscooterhire.es\/product\/alquiler-de-barra-de-apoyo-para-cama\/#primaryimage","url":"https:\/\/www.fuerteventuramobilityscooterhire.es\/wp-content\/uploads\/2024\/10\/Captura-de-pantalla-2024-10-16-130212.png","contentUrl":"https:\/\/www.fuerteventuramobilityscooterhire.es\/wp-content\/uploads\/2024\/10\/Captura-de-pantalla-2024-10-16-130212.png","width":779,"height":764},{"@type":"BreadcrumbList","@id":"https:\/\/www.fuerteventuramobilityscooterhire.es\/product\/alquiler-de-barra-de-apoyo-para-cama\/#breadcrumb","itemListElement":[{"@type":"ListItem","position":1,"name":"Portada","item":"https:\/\/www.fuerteventuramobilityscooterhire.es\/"},{"@type":"ListItem","position":2,"name":"Tienda","item":"https:\/\/www.fuerteventuramobilityscooterhire.es\/shop-2\/"},{"@type":"ListItem","position":3,"name":"Alquiler de Barra de apoyo para cama"}]},{"@type":"WebSite","@id":"https:\/\/www.fuerteventuramobilityscooterhire.es\/#website","url":"https:\/\/www.fuerteventuramobilityscooterhire.es\/","name":"Wynajem skuter\u00f3w mobilnych na Fuerteventurze","description":"","potentialAction":[{"@type":"SearchAction","target":{"@type":"EntryPoint","urlTemplate":"https:\/\/www.fuerteventuramobilityscooterhire.es\/?s={search_term_string}"},"query-input":{"@type":"PropertyValueSpecification","valueRequired":true,"valueName":"search_term_string"}}],"inLanguage":"pl-PL"}]}},"_links":{"self":[{"href":"https:\/\/www.fuerteventuramobilityscooterhire.es\/pl\/wp-json\/wp\/v2\/product\/22642","targetHints":{"allow":["GET"]}}],"collection":[{"href":"https:\/\/www.fuerteventuramobilityscooterhire.es\/pl\/wp-json\/wp\/v2\/product"}],"about":[{"href":"https:\/\/www.fuerteventuramobilityscooterhire.es\/pl\/wp-json\/wp\/v2\/types\/product"}],"replies":[{"embeddable":true,"href":"https:\/\/www.fuerteventuramobilityscooterhire.es\/pl\/wp-json\/wp\/v2\/comments?post=22642"}],"wp:featuredmedia":[{"embeddable":true,"href":"https:\/\/www.fuerteventuramobilityscooterhire.es\/pl\/wp-json\/wp\/v2\/media\/22644"}],"wp:attachment":[{"href":"https:\/\/www.fuerteventuramobilityscooterhire.es\/pl\/wp-json\/wp\/v2\/media?parent=22642"}],"wp:term":[{"taxonomy":"product_brand","embeddable":true,"href":"https:\/\/www.fuerteventuramobilityscooterhire.es\/pl\/wp-json\/wp\/v2\/product_brand?post=22642"},{"taxonomy":"product_cat","embeddable":true,"href":"https:\/\/www.fuerteventuramobilityscooterhire.es\/pl\/wp-json\/wp\/v2\/product_cat?post=22642"},{"taxonomy":"product_tag","embeddable":true,"href":"https:\/\/www.fuerteventuramobilityscooterhire.es\/pl\/wp-json\/wp\/v2\/product_tag?post=22642"}],"curies":[{"name":"wp","href":"https:\/\/api.w.org\/{rel}","templated":true}]}}